{"id":246,"date":"2020-07-09T21:41:29","date_gmt":"2020-07-09T19:41:29","guid":{"rendered":"https:\/\/radoninstrument.com\/no\/?post_type=product&#038;p=246"},"modified":"2025-03-24T14:14:03","modified_gmt":"2025-03-24T12:14:03","slug":"gamma-surveyor-vario","status":"publish","type":"product","link":"https:\/\/radoninstrument.com\/no\/product\/gamma-surveyor-vario\/","title":{"rendered":"Gamma Surveyor Vario"},"content":{"rendered":"","protected":false},"excerpt":{"rendered":"<p>Med Gamma Surveyor Vario f\u00e5r du et moderne feltmessig gammaspektrometer med f\u00f8lgende egenskaper:<\/p>\n<ul>\n<li>Gammaspektrometer for \u00e5 bestemme gammaindeks i felt og borehull<\/li>\n<li>Gir analyse av thorium, uran og kalium<\/li>\n<li>Energistabilisering via naturlige isotoper (g\u00e5r ogs\u00e5 med eksterne)<\/li>\n<li>Innebygd GPS (ogs\u00e5 ekstern)<\/li>\n<li>Monter detektoren vertikalt eller horisontalt<\/li>\n<li>Kollimator for tynne sjikt (ekstrautstyr)<\/li>\n<li>Lett, t\u00e5ler st\u00f8t og nedsenkning til 100 meter<\/li>\n<li>Oppladbare batterier Li-ion eller 6 stk. AA (12 VDC via billader eller adapter)<\/li>\n<li>Last ned m\u00e5ledata via USB eller SD-kort<\/li>\n<li>Bl\u00e5tann, for ekstern GPS eller headset<\/li>\n<\/ul>\n[av_contact email='kundservice@radonova.se' title='Tilbudsforesp\u00f8rsel' button='Send inn tilbudsforesp\u00f8rsel' on_send='' sent='Vi har mottatt din foresp\u00f8rsel og vil komme tilbake til deg med et tilbud i l\u00f8pet av kort tid.' link='manually,http:\/\/' subject='Offertf\u00f6rfr\u00e5gan Gamma Surveyor Vario' autoresponder_email='kundservice@radonova.se' autorespond='' captcha='' form_align='' color='' av_uid='' custom_class='' admin_preview_bg='']<br \/>\n[av_contact_field label='Bedrift' type='text' options='' check='is_empty' width='element_half'][\/av_contact_field]<br \/>\n[av_contact_field label='Navn' type='text' options='' check='is_empty' width='element_half'][\/av_contact_field]<br \/>\n[av_contact_field label='E-postadresse' type='text' options='' check='is_email' width='element_half'][\/av_contact_field]<br \/>\n[av_contact_field label='Antall instrumenter' type='text' options='' check='is_number' width='element_half'][\/av_contact_field]<br \/>\n[av_contact_field label='Marker eventuelt tilbeh\u00f8r' type='select' options='Kabel 100 m p\u00e5 rull til borehull,VB1 - BGO detektor 1\" x 1,5\" lang. Volum 19 cm\u00b3,VB6 \u2013 BGO detektor 2\" x 2\" lang. Volum 103 cm\u00b3,VB21 \u2013 BGO detektor 3\" x 3\" lang. Volum 347 cm\u00b3,VN6 \u2013 NaI(Tl) detektor 2\" x 2\" lang. Volum 103 cm\u00b3,VN21 \u2013 NaI(Tl) detektor 3\" x 3\" lang. Volum 347 cm\u00b3,GS CAR \u2013 NaI(Tl) detektor 4\" x 4\" x 16\". Volum 4000 cm\u00b3' multi_select='aviaTBaviaTBmulti_select' check='' width=''][\/av_contact_field]NaI(Tl) detektor 2&#8243; x 2&#8243; lang, volum 103 cm\u00b3, (VN21) NaI(Tl) detektor 3&#8243; x 3&#8243; lang, volum 347 cm\u00b3, (GS CAR) NaI(Tl) detektor 4&#8243; x 4&#8243; x 16&#8243;, volum 4000 cm\u00b3&#8217; multi_select=&#8217;aviaTBaviaTBmulti_select&#8217; check=&raquo; width=&raquo;][\/av_contact_field]<br \/>\n[av_contact_field label='Eventuell melding' type='textarea' options='' check='' width=''][\/av_contact_field]<br \/>\n[\/av_contact]\n","protected":false},"featured_media":44,"comment_status":"open","ping_status":"closed","template":"","meta":[],"product_cat":[22],"product_tag":[],"class_list":{"0":"post-246","1":"product","2":"type-product","3":"status-publish","4":"has-post-thumbnail","6":"product_cat-gamma","7":"product_shipping_class-large-packages","9":"first","10":"instock","11":"taxable","12":"shipping-taxable","13":"product-type-simple"},"yoast_head":"<!-- This site is optimized with the Yoast SEO plugin v23.6 - https:\/\/yoast.com\/wordpress\/plugins\/seo\/ -->\n<title>Gamma Surveyor Vario - Radoninstruments.com (NO)<\/title>\n<meta name=\"robots\" content=\"index, follow, max-snippet:-1, max-image-preview:large, max-video-preview:-1\" \/>\n<link rel=\"canonical\" href=\"https:\/\/radoninstrument.com\/no\/product\/gamma-surveyor-vario\/\" \/>\n<meta property=\"og:locale\" content=\"nb_NO\" \/>\n<meta property=\"og:type\" content=\"article\" \/>\n<meta property=\"og:title\" content=\"Gamma Surveyor Vario - Radoninstruments.com (NO)\" \/>\n<meta property=\"og:description\" content=\"Med Gamma Surveyor Vario f\u00e5r du et moderne feltmessig gammaspektrometer med f\u00f8lgende egenskaper:   Gammaspektrometer for \u00e5 bestemme gammaindeks i felt og borehull  Gir analyse av thorium, uran og kalium  Energistabilisering via naturlige isotoper (g\u00e5r ogs\u00e5 med eksterne)  Innebygd GPS (ogs\u00e5 ekstern)  Monter detektoren vertikalt eller horisontalt  Kollimator for tynne sjikt (ekstrautstyr)  Lett, t\u00e5ler st\u00f8t og nedsenkning til 100 meter  Oppladbare batterier Li-ion eller 6 stk. AA (12 VDC via billader eller adapter)  Last ned m\u00e5ledata via USB eller SD-kort  Bl\u00e5tann, for ekstern GPS eller headset\" \/>\n<meta property=\"og:url\" content=\"https:\/\/radoninstrument.com\/no\/product\/gamma-surveyor-vario\/\" \/>\n<meta property=\"og:site_name\" content=\"Radoninstruments.com (NO)\" \/>\n<meta property=\"article:modified_time\" content=\"2025-03-24T12:14:03+00:00\" \/>\n<meta property=\"og:image\" content=\"https:\/\/radoninstrument.com\/no\/wp-content\/uploads\/sites\/6\/2020\/07\/Gamma-Surveyor-Vario-1-scaled.jpg\" \/>\n\t<meta property=\"og:image:width\" content=\"2560\" \/>\n\t<meta property=\"og:image:height\" content=\"1707\" \/>\n\t<meta property=\"og:image:type\" content=\"image\/jpeg\" \/>\n<meta name=\"twitter:card\" content=\"summary_large_image\" \/>\n<script type=\"application\/ld+json\" class=\"yoast-schema-graph\">{\"@context\":\"https:\/\/schema.org\",\"@graph\":[{\"@type\":\"WebPage\",\"@id\":\"https:\/\/radoninstrument.com\/no\/product\/gamma-surveyor-vario\/\",\"url\":\"https:\/\/radoninstrument.com\/no\/product\/gamma-surveyor-vario\/\",\"name\":\"Gamma Surveyor Vario - Radoninstruments.com (NO)\",\"isPartOf\":{\"@id\":\"https:\/\/radoninstrument.com\/no\/#website\"},\"primaryImageOfPage\":{\"@id\":\"https:\/\/radoninstrument.com\/no\/product\/gamma-surveyor-vario\/#primaryimage\"},\"image\":{\"@id\":\"https:\/\/radoninstrument.com\/no\/product\/gamma-surveyor-vario\/#primaryimage\"},\"thumbnailUrl\":\"https:\/\/radoninstrument.com\/no\/wp-content\/uploads\/sites\/6\/2020\/07\/Gamma-Surveyor-Vario-1-scaled.jpg\",\"datePublished\":\"2020-07-09T19:41:29+00:00\",\"dateModified\":\"2025-03-24T12:14:03+00:00\",\"breadcrumb\":{\"@id\":\"https:\/\/radoninstrument.com\/no\/product\/gamma-surveyor-vario\/#breadcrumb\"},\"inLanguage\":\"nb-NO\",\"potentialAction\":[{\"@type\":\"ReadAction\",\"target\":[\"https:\/\/radoninstrument.com\/no\/product\/gamma-surveyor-vario\/\"]}]},{\"@type\":\"ImageObject\",\"inLanguage\":\"nb-NO\",\"@id\":\"https:\/\/radoninstrument.com\/no\/product\/gamma-surveyor-vario\/#primaryimage\",\"url\":\"https:\/\/radoninstrument.com\/no\/wp-content\/uploads\/sites\/6\/2020\/07\/Gamma-Surveyor-Vario-1-scaled.jpg\",\"contentUrl\":\"https:\/\/radoninstrument.com\/no\/wp-content\/uploads\/sites\/6\/2020\/07\/Gamma-Surveyor-Vario-1-scaled.jpg\",\"width\":2560,\"height\":1707},{\"@type\":\"BreadcrumbList\",\"@id\":\"https:\/\/radoninstrument.com\/no\/product\/gamma-surveyor-vario\/#breadcrumb\",\"itemListElement\":[{\"@type\":\"ListItem\",\"position\":1,\"name\":\"Hem\",\"item\":\"https:\/\/radoninstrument.com\/no\/\"},{\"@type\":\"ListItem\",\"position\":2,\"name\":\"Butikk\",\"item\":\"https:\/\/radoninstrument.com\/no\/butikk\/\"},{\"@type\":\"ListItem\",\"position\":3,\"name\":\"Gamma Surveyor Vario\"}]},{\"@type\":\"WebSite\",\"@id\":\"https:\/\/radoninstrument.com\/no\/#website\",\"url\":\"https:\/\/radoninstrument.com\/no\/\",\"name\":\"Radoninstruments.com (NO)\",\"description\":\"\",\"publisher\":{\"@id\":\"https:\/\/radoninstrument.com\/no\/#organization\"},\"potentialAction\":[{\"@type\":\"SearchAction\",\"target\":{\"@type\":\"EntryPoint\",\"urlTemplate\":\"https:\/\/radoninstrument.com\/no\/?s={search_term_string}\"},\"query-input\":{\"@type\":\"PropertyValueSpecification\",\"valueRequired\":true,\"valueName\":\"search_term_string\"}}],\"inLanguage\":\"nb-NO\"},{\"@type\":\"Organization\",\"@id\":\"https:\/\/radoninstrument.com\/no\/#organization\",\"name\":\"Radoninstruments.com (NO)\",\"url\":\"https:\/\/radoninstrument.com\/no\/\",\"logo\":{\"@type\":\"ImageObject\",\"inLanguage\":\"nb-NO\",\"@id\":\"https:\/\/radoninstrument.com\/no\/#\/schema\/logo\/image\/\",\"url\":\"https:\/\/radoninstrument.com\/no\/wp-content\/uploads\/sites\/6\/2020\/07\/radonova.png\",\"contentUrl\":\"https:\/\/radoninstrument.com\/no\/wp-content\/uploads\/sites\/6\/2020\/07\/radonova.png\",\"width\":300,\"height\":100,\"caption\":\"Radoninstruments.com (NO)\"},\"image\":{\"@id\":\"https:\/\/radoninstrument.com\/no\/#\/schema\/logo\/image\/\"}}]}<\/script>\n<!-- \/ Yoast SEO plugin. -->","yoast_head_json":{"title":"Gamma Surveyor Vario - Radoninstruments.com (NO)","robots":{"index":"index","follow":"follow","max-snippet":"max-snippet:-1","max-image-preview":"max-image-preview:large","max-video-preview":"max-video-preview:-1"},"canonical":"https:\/\/radoninstrument.com\/no\/product\/gamma-surveyor-vario\/","og_locale":"nb_NO","og_type":"article","og_title":"Gamma Surveyor Vario - Radoninstruments.com (NO)","og_description":"Med Gamma Surveyor Vario f\u00e5r du et moderne feltmessig gammaspektrometer med f\u00f8lgende egenskaper:   Gammaspektrometer for \u00e5 bestemme gammaindeks i felt og borehull  Gir analyse av thorium, uran og kalium  Energistabilisering via naturlige isotoper (g\u00e5r ogs\u00e5 med eksterne)  Innebygd GPS (ogs\u00e5 ekstern)  Monter detektoren vertikalt eller horisontalt  Kollimator for tynne sjikt (ekstrautstyr)  Lett, t\u00e5ler st\u00f8t og nedsenkning til 100 meter  Oppladbare batterier Li-ion eller 6 stk. AA (12 VDC via billader eller adapter)  Last ned m\u00e5ledata via USB eller SD-kort  Bl\u00e5tann, for ekstern GPS eller headset","og_url":"https:\/\/radoninstrument.com\/no\/product\/gamma-surveyor-vario\/","og_site_name":"Radoninstruments.com (NO)","article_modified_time":"2025-03-24T12:14:03+00:00","og_image":[{"width":2560,"height":1707,"url":"https:\/\/radoninstrument.com\/no\/wp-content\/uploads\/sites\/6\/2020\/07\/Gamma-Surveyor-Vario-1-scaled.jpg","type":"image\/jpeg"}],"twitter_card":"summary_large_image","schema":{"@context":"https:\/\/schema.org","@graph":[{"@type":"WebPage","@id":"https:\/\/radoninstrument.com\/no\/product\/gamma-surveyor-vario\/","url":"https:\/\/radoninstrument.com\/no\/product\/gamma-surveyor-vario\/","name":"Gamma Surveyor Vario - Radoninstruments.com (NO)","isPartOf":{"@id":"https:\/\/radoninstrument.com\/no\/#website"},"primaryImageOfPage":{"@id":"https:\/\/radoninstrument.com\/no\/product\/gamma-surveyor-vario\/#primaryimage"},"image":{"@id":"https:\/\/radoninstrument.com\/no\/product\/gamma-surveyor-vario\/#primaryimage"},"thumbnailUrl":"https:\/\/radoninstrument.com\/no\/wp-content\/uploads\/sites\/6\/2020\/07\/Gamma-Surveyor-Vario-1-scaled.jpg","datePublished":"2020-07-09T19:41:29+00:00","dateModified":"2025-03-24T12:14:03+00:00","breadcrumb":{"@id":"https:\/\/radoninstrument.com\/no\/product\/gamma-surveyor-vario\/#breadcrumb"},"inLanguage":"nb-NO","potentialAction":[{"@type":"ReadAction","target":["https:\/\/radoninstrument.com\/no\/product\/gamma-surveyor-vario\/"]}]},{"@type":"ImageObject","inLanguage":"nb-NO","@id":"https:\/\/radoninstrument.com\/no\/product\/gamma-surveyor-vario\/#primaryimage","url":"https:\/\/radoninstrument.com\/no\/wp-content\/uploads\/sites\/6\/2020\/07\/Gamma-Surveyor-Vario-1-scaled.jpg","contentUrl":"https:\/\/radoninstrument.com\/no\/wp-content\/uploads\/sites\/6\/2020\/07\/Gamma-Surveyor-Vario-1-scaled.jpg","width":2560,"height":1707},{"@type":"BreadcrumbList","@id":"https:\/\/radoninstrument.com\/no\/product\/gamma-surveyor-vario\/#breadcrumb","itemListElement":[{"@type":"ListItem","position":1,"name":"Hem","item":"https:\/\/radoninstrument.com\/no\/"},{"@type":"ListItem","position":2,"name":"Butikk","item":"https:\/\/radoninstrument.com\/no\/butikk\/"},{"@type":"ListItem","position":3,"name":"Gamma Surveyor Vario"}]},{"@type":"WebSite","@id":"https:\/\/radoninstrument.com\/no\/#website","url":"https:\/\/radoninstrument.com\/no\/","name":"Radoninstruments.com (NO)","description":"","publisher":{"@id":"https:\/\/radoninstrument.com\/no\/#organization"},"potentialAction":[{"@type":"SearchAction","target":{"@type":"EntryPoint","urlTemplate":"https:\/\/radoninstrument.com\/no\/?s={search_term_string}"},"query-input":{"@type":"PropertyValueSpecification","valueRequired":true,"valueName":"search_term_string"}}],"inLanguage":"nb-NO"},{"@type":"Organization","@id":"https:\/\/radoninstrument.com\/no\/#organization","name":"Radoninstruments.com (NO)","url":"https:\/\/radoninstrument.com\/no\/","logo":{"@type":"ImageObject","inLanguage":"nb-NO","@id":"https:\/\/radoninstrument.com\/no\/#\/schema\/logo\/image\/","url":"https:\/\/radoninstrument.com\/no\/wp-content\/uploads\/sites\/6\/2020\/07\/radonova.png","contentUrl":"https:\/\/radoninstrument.com\/no\/wp-content\/uploads\/sites\/6\/2020\/07\/radonova.png","width":300,"height":100,"caption":"Radoninstruments.com (NO)"},"image":{"@id":"https:\/\/radoninstrument.com\/no\/#\/schema\/logo\/image\/"}}]}},"_links":{"self":[{"href":"https:\/\/radoninstrument.com\/no\/wp-json\/wp\/v2\/product\/246"}],"collection":[{"href":"https:\/\/radoninstrument.com\/no\/wp-json\/wp\/v2\/product"}],"about":[{"href":"https:\/\/radoninstrument.com\/no\/wp-json\/wp\/v2\/types\/product"}],"replies":[{"embeddable":true,"href":"https:\/\/radoninstrument.com\/no\/wp-json\/wp\/v2\/comments?post=246"}],"wp:featuredmedia":[{"embeddable":true,"href":"https:\/\/radoninstrument.com\/no\/wp-json\/wp\/v2\/media\/44"}],"wp:attachment":[{"href":"https:\/\/radoninstrument.com\/no\/wp-json\/wp\/v2\/media?parent=246"}],"wp:term":[{"taxonomy":"product_cat","embeddable":true,"href":"https:\/\/radoninstrument.com\/no\/wp-json\/wp\/v2\/product_cat?post=246"},{"taxonomy":"product_tag","embeddable":true,"href":"https:\/\/radoninstrument.com\/no\/wp-json\/wp\/v2\/product_tag?post=246"}],"curies":[{"name":"wp","href":"https:\/\/api.w.org\/{rel}","templated":true}]}}