{"id":885,"date":"2022-12-15T14:16:42","date_gmt":"2022-12-15T12:16:42","guid":{"rendered":"https:\/\/radoninstrument.com\/fr\/?post_type=product&#038;p=885"},"modified":"2024-02-16T15:52:24","modified_gmt":"2024-02-16T13:52:24","slug":"885","status":"publish","type":"product","link":"https:\/\/radoninstrument.com\/fr\/produit\/885\/","title":{"rendered":"SPIRIT HUB &#8211; Ethernet"},"content":{"rendered":"\n<style type=\"text\/css\" data-created_by=\"avia_inline_auto\" id=\"style-css-av-agl0d-0542598bfc9d7cb9e2f0918eb4c7e1fb\">\n#top .hr.hr-invisible.av-agl0d-0542598bfc9d7cb9e2f0918eb4c7e1fb{\nheight:20px;\n}\n<\/style>\n<div  class='hr av-agl0d-0542598bfc9d7cb9e2f0918eb4c7e1fb hr-invisible  avia-builder-el-0  avia-builder-el-no-sibling '><span class='hr-inner '><span class=\"hr-inner-style\"><\/span><\/span><\/div>\n<h4>Inclus dans SPIRIT HUB Ethernet:<\/h4>\n<ul>\n<li>Le routeur LoRaWAN d&rsquo;une port\u00e9e en champ ouvert de 200m<\/li>\n<li>Un c\u00e2ble \u00e9thernet<\/li>\n<\/ul>\n","protected":false},"excerpt":{"rendered":"<p>SPIRIT HUB Eternet est un routeur qui g\u00e9n\u00e8re un r\u00e9seau LoRaWAN local permettant ainsi \u00e0 SPIRIT d\u2019acc\u00e9der en toutres circonstances \u00e0 un r\u00e9seau LoRa de bonne qualit\u00e9.<\/p>\n<p>Aucune configuration n\u2019est n\u00e9cessaire. Il suffit de simplement brancher SPIRIT HUB Ethernet au secteur via le port USB-C du routeur et de brancher le routeur \u00e0 internet via le c\u00e2ble \u00e9thernet fourni. Votre SPIRIT se connectera alors directement au r\u00e9seau LoRa g\u00e9n\u00e9r\u00e9 par SPIRIT HUB Ethernet sans besoin de configuration sp\u00e9cifique pr\u00e9alable.<\/p>\n","protected":false},"featured_media":886,"comment_status":"open","ping_status":"closed","template":"","meta":[],"product_cat":[15],"product_tag":[],"class_list":{"0":"post-885","1":"product","2":"type-product","3":"status-publish","4":"has-post-thumbnail","6":"product_cat-uncategorized","8":"first","9":"instock","10":"taxable","11":"shipping-taxable","12":"purchasable","13":"product-type-simple"},"yoast_head":"<!-- This site is optimized with the Yoast SEO plugin v23.6 - https:\/\/yoast.com\/wordpress\/plugins\/seo\/ -->\n<title>SPIRIT HUB - Ethernet - Radoninstruments.com (FR)<\/title>\n<meta name=\"robots\" content=\"index, follow, max-snippet:-1, max-image-preview:large, max-video-preview:-1\" \/>\n<link rel=\"canonical\" href=\"https:\/\/radoninstrument.com\/fr\/produit\/885\/\" \/>\n<meta property=\"og:locale\" content=\"fr_FR\" \/>\n<meta property=\"og:type\" content=\"article\" \/>\n<meta property=\"og:title\" content=\"SPIRIT HUB - Ethernet - Radoninstruments.com (FR)\" \/>\n<meta property=\"og:description\" content=\"SPIRIT HUB Eternet est un routeur qui g\u00e9n\u00e8re un r\u00e9seau LoRaWAN local permettant ainsi \u00e0 SPIRIT d\u2019acc\u00e9der en toutres circonstances \u00e0 un r\u00e9seau LoRa de bonne qualit\u00e9.  Aucune configuration n\u2019est n\u00e9cessaire. Il suffit de simplement brancher SPIRIT HUB Ethernet au secteur via le port USB-C du routeur et de brancher le routeur \u00e0 internet via le c\u00e2ble \u00e9thernet fourni. Votre SPIRIT se connectera alors directement au r\u00e9seau LoRa g\u00e9n\u00e9r\u00e9 par SPIRIT HUB Ethernet sans besoin de configuration sp\u00e9cifique pr\u00e9alable.\" \/>\n<meta property=\"og:url\" content=\"https:\/\/radoninstrument.com\/fr\/produit\/885\/\" \/>\n<meta property=\"og:site_name\" content=\"Radoninstruments.com (FR)\" \/>\n<meta property=\"article:modified_time\" content=\"2024-02-16T13:52:24+00:00\" \/>\n<meta property=\"og:image\" content=\"https:\/\/radoninstrument.com\/fr\/wp-content\/uploads\/sites\/3\/2022\/12\/Spirit-hub-2.jpg\" \/>\n\t<meta property=\"og:image:width\" content=\"1000\" \/>\n\t<meta property=\"og:image:height\" content=\"1000\" \/>\n\t<meta property=\"og:image:type\" content=\"image\/jpeg\" \/>\n<meta name=\"twitter:card\" content=\"summary_large_image\" \/>\n<meta name=\"twitter:label1\" content=\"Dur\u00e9e de lecture estim\u00e9e\" \/>\n\t<meta name=\"twitter:data1\" content=\"1 minute\" \/>\n<script type=\"application\/ld+json\" class=\"yoast-schema-graph\">{\"@context\":\"https:\/\/schema.org\",\"@graph\":[{\"@type\":\"WebPage\",\"@id\":\"https:\/\/radoninstrument.com\/fr\/produit\/885\/\",\"url\":\"https:\/\/radoninstrument.com\/fr\/produit\/885\/\",\"name\":\"SPIRIT HUB - Ethernet - Radoninstruments.com (FR)\",\"isPartOf\":{\"@id\":\"https:\/\/radoninstrument.com\/fr\/#website\"},\"primaryImageOfPage\":{\"@id\":\"https:\/\/radoninstrument.com\/fr\/produit\/885\/#primaryimage\"},\"image\":{\"@id\":\"https:\/\/radoninstrument.com\/fr\/produit\/885\/#primaryimage\"},\"thumbnailUrl\":\"https:\/\/radoninstrument.com\/fr\/wp-content\/uploads\/sites\/3\/2022\/12\/Spirit-hub-2.jpg\",\"datePublished\":\"2022-12-15T12:16:42+00:00\",\"dateModified\":\"2024-02-16T13:52:24+00:00\",\"breadcrumb\":{\"@id\":\"https:\/\/radoninstrument.com\/fr\/produit\/885\/#breadcrumb\"},\"inLanguage\":\"fr-FR\",\"potentialAction\":[{\"@type\":\"ReadAction\",\"target\":[\"https:\/\/radoninstrument.com\/fr\/produit\/885\/\"]}]},{\"@type\":\"ImageObject\",\"inLanguage\":\"fr-FR\",\"@id\":\"https:\/\/radoninstrument.com\/fr\/produit\/885\/#primaryimage\",\"url\":\"https:\/\/radoninstrument.com\/fr\/wp-content\/uploads\/sites\/3\/2022\/12\/Spirit-hub-2.jpg\",\"contentUrl\":\"https:\/\/radoninstrument.com\/fr\/wp-content\/uploads\/sites\/3\/2022\/12\/Spirit-hub-2.jpg\",\"width\":1000,\"height\":1000},{\"@type\":\"BreadcrumbList\",\"@id\":\"https:\/\/radoninstrument.com\/fr\/produit\/885\/#breadcrumb\",\"itemListElement\":[{\"@type\":\"ListItem\",\"position\":1,\"name\":\"Hem\",\"item\":\"https:\/\/radoninstrument.com\/fr\/\"},{\"@type\":\"ListItem\",\"position\":2,\"name\":\"Boutique\",\"item\":\"https:\/\/radoninstrument.com\/fr\/boutique\/\"},{\"@type\":\"ListItem\",\"position\":3,\"name\":\"SPIRIT HUB &#8211; Ethernet\"}]},{\"@type\":\"WebSite\",\"@id\":\"https:\/\/radoninstrument.com\/fr\/#website\",\"url\":\"https:\/\/radoninstrument.com\/fr\/\",\"name\":\"Radoninstruments.com (FR)\",\"description\":\"\",\"publisher\":{\"@id\":\"https:\/\/radoninstrument.com\/fr\/#organization\"},\"potentialAction\":[{\"@type\":\"SearchAction\",\"target\":{\"@type\":\"EntryPoint\",\"urlTemplate\":\"https:\/\/radoninstrument.com\/fr\/?s={search_term_string}\"},\"query-input\":{\"@type\":\"PropertyValueSpecification\",\"valueRequired\":true,\"valueName\":\"search_term_string\"}}],\"inLanguage\":\"fr-FR\"},{\"@type\":\"Organization\",\"@id\":\"https:\/\/radoninstrument.com\/fr\/#organization\",\"name\":\"Radoninstruments.com (FR)\",\"url\":\"https:\/\/radoninstrument.com\/fr\/\",\"logo\":{\"@type\":\"ImageObject\",\"inLanguage\":\"fr-FR\",\"@id\":\"https:\/\/radoninstrument.com\/fr\/#\/schema\/logo\/image\/\",\"url\":\"https:\/\/radoninstrument.com\/fr\/wp-content\/uploads\/sites\/3\/2020\/07\/radonova.png\",\"contentUrl\":\"https:\/\/radoninstrument.com\/fr\/wp-content\/uploads\/sites\/3\/2020\/07\/radonova.png\",\"width\":300,\"height\":100,\"caption\":\"Radoninstruments.com (FR)\"},\"image\":{\"@id\":\"https:\/\/radoninstrument.com\/fr\/#\/schema\/logo\/image\/\"}}]}<\/script>\n<!-- \/ Yoast SEO plugin. -->","yoast_head_json":{"title":"SPIRIT HUB - Ethernet - Radoninstruments.com (FR)","robots":{"index":"index","follow":"follow","max-snippet":"max-snippet:-1","max-image-preview":"max-image-preview:large","max-video-preview":"max-video-preview:-1"},"canonical":"https:\/\/radoninstrument.com\/fr\/produit\/885\/","og_locale":"fr_FR","og_type":"article","og_title":"SPIRIT HUB - Ethernet - Radoninstruments.com (FR)","og_description":"SPIRIT HUB Eternet est un routeur qui g\u00e9n\u00e8re un r\u00e9seau LoRaWAN local permettant ainsi \u00e0 SPIRIT d\u2019acc\u00e9der en toutres circonstances \u00e0 un r\u00e9seau LoRa de bonne qualit\u00e9.  Aucune configuration n\u2019est n\u00e9cessaire. Il suffit de simplement brancher SPIRIT HUB Ethernet au secteur via le port USB-C du routeur et de brancher le routeur \u00e0 internet via le c\u00e2ble \u00e9thernet fourni. Votre SPIRIT se connectera alors directement au r\u00e9seau LoRa g\u00e9n\u00e9r\u00e9 par SPIRIT HUB Ethernet sans besoin de configuration sp\u00e9cifique pr\u00e9alable.","og_url":"https:\/\/radoninstrument.com\/fr\/produit\/885\/","og_site_name":"Radoninstruments.com (FR)","article_modified_time":"2024-02-16T13:52:24+00:00","og_image":[{"width":1000,"height":1000,"url":"https:\/\/radoninstrument.com\/fr\/wp-content\/uploads\/sites\/3\/2022\/12\/Spirit-hub-2.jpg","type":"image\/jpeg"}],"twitter_card":"summary_large_image","twitter_misc":{"Dur\u00e9e de lecture estim\u00e9e":"1 minute"},"schema":{"@context":"https:\/\/schema.org","@graph":[{"@type":"WebPage","@id":"https:\/\/radoninstrument.com\/fr\/produit\/885\/","url":"https:\/\/radoninstrument.com\/fr\/produit\/885\/","name":"SPIRIT HUB - Ethernet - Radoninstruments.com (FR)","isPartOf":{"@id":"https:\/\/radoninstrument.com\/fr\/#website"},"primaryImageOfPage":{"@id":"https:\/\/radoninstrument.com\/fr\/produit\/885\/#primaryimage"},"image":{"@id":"https:\/\/radoninstrument.com\/fr\/produit\/885\/#primaryimage"},"thumbnailUrl":"https:\/\/radoninstrument.com\/fr\/wp-content\/uploads\/sites\/3\/2022\/12\/Spirit-hub-2.jpg","datePublished":"2022-12-15T12:16:42+00:00","dateModified":"2024-02-16T13:52:24+00:00","breadcrumb":{"@id":"https:\/\/radoninstrument.com\/fr\/produit\/885\/#breadcrumb"},"inLanguage":"fr-FR","potentialAction":[{"@type":"ReadAction","target":["https:\/\/radoninstrument.com\/fr\/produit\/885\/"]}]},{"@type":"ImageObject","inLanguage":"fr-FR","@id":"https:\/\/radoninstrument.com\/fr\/produit\/885\/#primaryimage","url":"https:\/\/radoninstrument.com\/fr\/wp-content\/uploads\/sites\/3\/2022\/12\/Spirit-hub-2.jpg","contentUrl":"https:\/\/radoninstrument.com\/fr\/wp-content\/uploads\/sites\/3\/2022\/12\/Spirit-hub-2.jpg","width":1000,"height":1000},{"@type":"BreadcrumbList","@id":"https:\/\/radoninstrument.com\/fr\/produit\/885\/#breadcrumb","itemListElement":[{"@type":"ListItem","position":1,"name":"Hem","item":"https:\/\/radoninstrument.com\/fr\/"},{"@type":"ListItem","position":2,"name":"Boutique","item":"https:\/\/radoninstrument.com\/fr\/boutique\/"},{"@type":"ListItem","position":3,"name":"SPIRIT HUB &#8211; Ethernet"}]},{"@type":"WebSite","@id":"https:\/\/radoninstrument.com\/fr\/#website","url":"https:\/\/radoninstrument.com\/fr\/","name":"Radoninstruments.com (FR)","description":"","publisher":{"@id":"https:\/\/radoninstrument.com\/fr\/#organization"},"potentialAction":[{"@type":"SearchAction","target":{"@type":"EntryPoint","urlTemplate":"https:\/\/radoninstrument.com\/fr\/?s={search_term_string}"},"query-input":{"@type":"PropertyValueSpecification","valueRequired":true,"valueName":"search_term_string"}}],"inLanguage":"fr-FR"},{"@type":"Organization","@id":"https:\/\/radoninstrument.com\/fr\/#organization","name":"Radoninstruments.com (FR)","url":"https:\/\/radoninstrument.com\/fr\/","logo":{"@type":"ImageObject","inLanguage":"fr-FR","@id":"https:\/\/radoninstrument.com\/fr\/#\/schema\/logo\/image\/","url":"https:\/\/radoninstrument.com\/fr\/wp-content\/uploads\/sites\/3\/2020\/07\/radonova.png","contentUrl":"https:\/\/radoninstrument.com\/fr\/wp-content\/uploads\/sites\/3\/2020\/07\/radonova.png","width":300,"height":100,"caption":"Radoninstruments.com (FR)"},"image":{"@id":"https:\/\/radoninstrument.com\/fr\/#\/schema\/logo\/image\/"}}]}},"_links":{"self":[{"href":"https:\/\/radoninstrument.com\/fr\/wp-json\/wp\/v2\/product\/885"}],"collection":[{"href":"https:\/\/radoninstrument.com\/fr\/wp-json\/wp\/v2\/product"}],"about":[{"href":"https:\/\/radoninstrument.com\/fr\/wp-json\/wp\/v2\/types\/product"}],"replies":[{"embeddable":true,"href":"https:\/\/radoninstrument.com\/fr\/wp-json\/wp\/v2\/comments?post=885"}],"wp:featuredmedia":[{"embeddable":true,"href":"https:\/\/radoninstrument.com\/fr\/wp-json\/wp\/v2\/media\/886"}],"wp:attachment":[{"href":"https:\/\/radoninstrument.com\/fr\/wp-json\/wp\/v2\/media?parent=885"}],"wp:term":[{"taxonomy":"product_cat","embeddable":true,"href":"https:\/\/radoninstrument.com\/fr\/wp-json\/wp\/v2\/product_cat?post=885"},{"taxonomy":"product_tag","embeddable":true,"href":"https:\/\/radoninstrument.com\/fr\/wp-json\/wp\/v2\/product_tag?post=885"}],"curies":[{"name":"wp","href":"https:\/\/api.w.org\/{rel}","templated":true}]}}