{"id":883,"date":"2022-12-15T14:04:15","date_gmt":"2022-12-15T12:04:15","guid":{"rendered":"https:\/\/radoninstrument.com\/fr\/?post_type=product&#038;p=883"},"modified":"2024-02-16T15:57:34","modified_gmt":"2024-02-16T13:57:34","slug":"spirit-mesure-du-radon-en-continu-sans-fil","status":"publish","type":"product","link":"https:\/\/radoninstrument.com\/fr\/produit\/spirit-mesure-du-radon-en-continu-sans-fil\/","title":{"rendered":"SPIRIT &#8211; Mesure du radon en continu"},"content":{"rendered":"\n<style type=\"text\/css\" data-created_by=\"avia_inline_auto\" id=\"style-css-av-nm7v-7f46f14c3a3a692f3bcdc526f65e7bd8\">\n#top .hr.hr-invisible.av-nm7v-7f46f14c3a3a692f3bcdc526f65e7bd8{\nheight:20px;\n}\n<\/style>\n<div  class='hr av-nm7v-7f46f14c3a3a692f3bcdc526f65e7bd8 hr-invisible  avia-builder-el-0  avia-builder-el-no-sibling '><span class='hr-inner '><span class=\"hr-inner-style\"><\/span><\/span><\/div>\n<h4>Compris dans le prix<\/h4>\n<ul>\n<li>Capteur de radon de haute sensibilit\u00e9 (temps de r\u00e9ponse inf\u00e9rieur \u00e0 1h)<\/li>\n<li>Acc\u00e8s \u00e0 la plateforme de gestion des mesures en ligne de Radonova<\/li>\n<li>Capteurs de pressions, temp\u00e9rature, humity et mouvement embarqu\u00e9s dans linstrument<\/li>\n<li>Autonomie de 60 jours sur batterie<\/li>\n<li>Transmission des donn\u00e9es de mesure en direct via la technologie LoRaWAN<\/li>\n<li>Certificat d&rsquo;\u00e9talonnage individuel valable 1 an<\/li>\n<\/ul>\n","protected":false},"excerpt":{"rendered":"<p>SPIRIT est un instrument de mesure du radon en continu de qualit\u00e9 professionnelle.<br \/>\nSimple d&rsquo;utilisation, sans fil et enti\u00e8rement autonome jusqu&rsquo;\u00e0 60 jours gr\u00e2ce \u00e0 sa batterie rechargeable, SPIRIT vous permet de mesurer le radon en continu l\u00e0 ou vous le souhaitez, y compris dans les environnements les plus contraints et charg\u00e9s en humidit\u00e9.<\/p>\n<p>SPIRIT fonctionne avec notre service de gestion en ligne des mesures de radon \u00ab\u00a0Mon compte\u00a0\u00bb. Configurez votre instrument en ligne, placez le sur le site de mesure et lancez la mesure. Un graphique s&rsquo;actualise alors toutes les 10 minutes et vous renseigne sur les niveaux de radon et l&rsquo;incertitude de mesure, la t\u00e9mp\u00e9rature, la pression, l&rsquo;humidit\u00e9 et informe \u00e9galement si l&rsquo;instrument a \u00e9t\u00e9 d\u00e9plac\u00e9. La fonction rapport vous permet d&rsquo;\u00e9diter des rapports de mesure \u00e0 partir d&rsquo;une s\u00e9lection de point de mesure repr\u00e9sentatif par exemple des heures d&rsquo;occupation du b\u00e2timent.<\/p>\n<p><strong>Les donn\u00e9es de mesure transitent depuis l&rsquo;appareil jusqu&rsquo;\u00e0 nos serveurs de traitement de donn\u00e9es via le r\u00e9seau LoRaWAN. Pour assurer le fonctionnement optimal de SPIRIT, nous recommandons lors de l&rsquo;achat de votre premier appareil, de vous \u00e9quiper d&rsquo;un Hub conn\u00e9ct\u00e9 \u00e0 internet et g\u00e9n\u00e9rant son propre r\u00e9seau LoRaWAN local.<\/strong><\/p>\n","protected":false},"featured_media":868,"comment_status":"open","ping_status":"closed","template":"","meta":[],"product_cat":[19],"product_tag":[],"class_list":{"0":"post-883","1":"product","2":"type-product","3":"status-publish","4":"has-post-thumbnail","6":"product_cat-enregistreur","8":"first","9":"instock","10":"taxable","11":"shipping-taxable","12":"product-type-grouped"},"yoast_head":"<!-- This site is optimized with the Yoast SEO plugin v23.6 - https:\/\/yoast.com\/wordpress\/plugins\/seo\/ -->\n<title>SPIRIT - Mesure du radon en continu - Radoninstruments.com (FR)<\/title>\n<meta name=\"robots\" content=\"index, follow, max-snippet:-1, max-image-preview:large, max-video-preview:-1\" \/>\n<link rel=\"canonical\" href=\"https:\/\/radoninstrument.com\/fr\/produit\/spirit-mesure-du-radon-en-continu-sans-fil\/\" \/>\n<meta property=\"og:locale\" content=\"fr_FR\" \/>\n<meta property=\"og:type\" content=\"article\" \/>\n<meta property=\"og:title\" content=\"SPIRIT - Mesure du radon en continu - Radoninstruments.com (FR)\" \/>\n<meta property=\"og:description\" content=\"SPIRIT est un instrument de mesure du radon en continu de qualit\u00e9 professionnelle. Simple d&#039;utilisation, sans fil et enti\u00e8rement autonome jusqu&#039;\u00e0 60 jours gr\u00e2ce \u00e0 sa batterie rechargeable, SPIRIT vous permet de mesurer le radon en continu l\u00e0 ou vous le souhaitez, y compris dans les environnements les plus contraints et charg\u00e9s en humidit\u00e9.  SPIRIT fonctionne avec notre service de gestion en ligne des mesures de radon &quot;Mon compte&quot;. Configurez votre instrument en ligne, placez le sur le site de mesure et lancez la mesure. Un graphique s&#039;actualise alors toutes les 10 minutes et vous renseigne sur les niveaux de radon et l&#039;incertitude de mesure, la t\u00e9mp\u00e9rature, la pression, l&#039;humidit\u00e9 et informe \u00e9galement si l&#039;instrument a \u00e9t\u00e9 d\u00e9plac\u00e9. La fonction rapport vous permet d&#039;\u00e9diter des rapports de mesure \u00e0 partir d&#039;une s\u00e9lection de point de mesure repr\u00e9sentatif par exemple des heures d&#039;occupation du b\u00e2timent.  Les donn\u00e9es de mesure transitent depuis l&#039;appareil jusqu&#039;\u00e0 nos serveurs de traitement de donn\u00e9es via le r\u00e9seau LoRaWAN. Pour assurer le fonctionnement optimal de SPIRIT, nous recommandons lors de l&#039;achat de votre premier appareil, de vous \u00e9quiper d&#039;un Hub conn\u00e9ct\u00e9 \u00e0 internet et g\u00e9n\u00e9rant son propre r\u00e9seau LoRaWAN local.\" \/>\n<meta property=\"og:url\" content=\"https:\/\/radoninstrument.com\/fr\/produit\/spirit-mesure-du-radon-en-continu-sans-fil\/\" \/>\n<meta property=\"og:site_name\" content=\"Radoninstruments.com (FR)\" \/>\n<meta property=\"article:modified_time\" content=\"2024-02-16T13:57:34+00:00\" \/>\n<meta property=\"og:image\" content=\"https:\/\/radoninstrument.com\/fr\/wp-content\/uploads\/sites\/3\/2022\/11\/DSF9409.jpg\" \/>\n\t<meta property=\"og:image:width\" content=\"1500\" \/>\n\t<meta property=\"og:image:height\" content=\"1000\" \/>\n\t<meta property=\"og:image:type\" content=\"image\/jpeg\" \/>\n<meta name=\"twitter:card\" content=\"summary_large_image\" \/>\n<meta name=\"twitter:label1\" content=\"Dur\u00e9e de lecture estim\u00e9e\" \/>\n\t<meta name=\"twitter:data1\" content=\"1 minute\" \/>\n<script type=\"application\/ld+json\" class=\"yoast-schema-graph\">{\"@context\":\"https:\/\/schema.org\",\"@graph\":[{\"@type\":\"WebPage\",\"@id\":\"https:\/\/radoninstrument.com\/fr\/produit\/spirit-mesure-du-radon-en-continu-sans-fil\/\",\"url\":\"https:\/\/radoninstrument.com\/fr\/produit\/spirit-mesure-du-radon-en-continu-sans-fil\/\",\"name\":\"SPIRIT - Mesure du radon en continu - Radoninstruments.com (FR)\",\"isPartOf\":{\"@id\":\"https:\/\/radoninstrument.com\/fr\/#website\"},\"primaryImageOfPage\":{\"@id\":\"https:\/\/radoninstrument.com\/fr\/produit\/spirit-mesure-du-radon-en-continu-sans-fil\/#primaryimage\"},\"image\":{\"@id\":\"https:\/\/radoninstrument.com\/fr\/produit\/spirit-mesure-du-radon-en-continu-sans-fil\/#primaryimage\"},\"thumbnailUrl\":\"https:\/\/radoninstrument.com\/fr\/wp-content\/uploads\/sites\/3\/2022\/11\/DSF9409.jpg\",\"datePublished\":\"2022-12-15T12:04:15+00:00\",\"dateModified\":\"2024-02-16T13:57:34+00:00\",\"breadcrumb\":{\"@id\":\"https:\/\/radoninstrument.com\/fr\/produit\/spirit-mesure-du-radon-en-continu-sans-fil\/#breadcrumb\"},\"inLanguage\":\"fr-FR\",\"potentialAction\":[{\"@type\":\"ReadAction\",\"target\":[\"https:\/\/radoninstrument.com\/fr\/produit\/spirit-mesure-du-radon-en-continu-sans-fil\/\"]}]},{\"@type\":\"ImageObject\",\"inLanguage\":\"fr-FR\",\"@id\":\"https:\/\/radoninstrument.com\/fr\/produit\/spirit-mesure-du-radon-en-continu-sans-fil\/#primaryimage\",\"url\":\"https:\/\/radoninstrument.com\/fr\/wp-content\/uploads\/sites\/3\/2022\/11\/DSF9409.jpg\",\"contentUrl\":\"https:\/\/radoninstrument.com\/fr\/wp-content\/uploads\/sites\/3\/2022\/11\/DSF9409.jpg\",\"width\":1500,\"height\":1000},{\"@type\":\"BreadcrumbList\",\"@id\":\"https:\/\/radoninstrument.com\/fr\/produit\/spirit-mesure-du-radon-en-continu-sans-fil\/#breadcrumb\",\"itemListElement\":[{\"@type\":\"ListItem\",\"position\":1,\"name\":\"Hem\",\"item\":\"https:\/\/radoninstrument.com\/fr\/\"},{\"@type\":\"ListItem\",\"position\":2,\"name\":\"Boutique\",\"item\":\"https:\/\/radoninstrument.com\/fr\/boutique\/\"},{\"@type\":\"ListItem\",\"position\":3,\"name\":\"SPIRIT &#8211; Mesure du radon en continu\"}]},{\"@type\":\"WebSite\",\"@id\":\"https:\/\/radoninstrument.com\/fr\/#website\",\"url\":\"https:\/\/radoninstrument.com\/fr\/\",\"name\":\"Radoninstruments.com (FR)\",\"description\":\"\",\"publisher\":{\"@id\":\"https:\/\/radoninstrument.com\/fr\/#organization\"},\"potentialAction\":[{\"@type\":\"SearchAction\",\"target\":{\"@type\":\"EntryPoint\",\"urlTemplate\":\"https:\/\/radoninstrument.com\/fr\/?s={search_term_string}\"},\"query-input\":{\"@type\":\"PropertyValueSpecification\",\"valueRequired\":true,\"valueName\":\"search_term_string\"}}],\"inLanguage\":\"fr-FR\"},{\"@type\":\"Organization\",\"@id\":\"https:\/\/radoninstrument.com\/fr\/#organization\",\"name\":\"Radoninstruments.com (FR)\",\"url\":\"https:\/\/radoninstrument.com\/fr\/\",\"logo\":{\"@type\":\"ImageObject\",\"inLanguage\":\"fr-FR\",\"@id\":\"https:\/\/radoninstrument.com\/fr\/#\/schema\/logo\/image\/\",\"url\":\"https:\/\/radoninstrument.com\/fr\/wp-content\/uploads\/sites\/3\/2020\/07\/radonova.png\",\"contentUrl\":\"https:\/\/radoninstrument.com\/fr\/wp-content\/uploads\/sites\/3\/2020\/07\/radonova.png\",\"width\":300,\"height\":100,\"caption\":\"Radoninstruments.com (FR)\"},\"image\":{\"@id\":\"https:\/\/radoninstrument.com\/fr\/#\/schema\/logo\/image\/\"}}]}<\/script>\n<!-- \/ Yoast SEO plugin. -->","yoast_head_json":{"title":"SPIRIT - Mesure du radon en continu - Radoninstruments.com (FR)","robots":{"index":"index","follow":"follow","max-snippet":"max-snippet:-1","max-image-preview":"max-image-preview:large","max-video-preview":"max-video-preview:-1"},"canonical":"https:\/\/radoninstrument.com\/fr\/produit\/spirit-mesure-du-radon-en-continu-sans-fil\/","og_locale":"fr_FR","og_type":"article","og_title":"SPIRIT - Mesure du radon en continu - Radoninstruments.com (FR)","og_description":"SPIRIT est un instrument de mesure du radon en continu de qualit\u00e9 professionnelle. Simple d'utilisation, sans fil et enti\u00e8rement autonome jusqu'\u00e0 60 jours gr\u00e2ce \u00e0 sa batterie rechargeable, SPIRIT vous permet de mesurer le radon en continu l\u00e0 ou vous le souhaitez, y compris dans les environnements les plus contraints et charg\u00e9s en humidit\u00e9.  SPIRIT fonctionne avec notre service de gestion en ligne des mesures de radon \"Mon compte\". Configurez votre instrument en ligne, placez le sur le site de mesure et lancez la mesure. Un graphique s'actualise alors toutes les 10 minutes et vous renseigne sur les niveaux de radon et l'incertitude de mesure, la t\u00e9mp\u00e9rature, la pression, l'humidit\u00e9 et informe \u00e9galement si l'instrument a \u00e9t\u00e9 d\u00e9plac\u00e9. La fonction rapport vous permet d'\u00e9diter des rapports de mesure \u00e0 partir d'une s\u00e9lection de point de mesure repr\u00e9sentatif par exemple des heures d'occupation du b\u00e2timent.  Les donn\u00e9es de mesure transitent depuis l'appareil jusqu'\u00e0 nos serveurs de traitement de donn\u00e9es via le r\u00e9seau LoRaWAN. Pour assurer le fonctionnement optimal de SPIRIT, nous recommandons lors de l'achat de votre premier appareil, de vous \u00e9quiper d'un Hub conn\u00e9ct\u00e9 \u00e0 internet et g\u00e9n\u00e9rant son propre r\u00e9seau LoRaWAN local.","og_url":"https:\/\/radoninstrument.com\/fr\/produit\/spirit-mesure-du-radon-en-continu-sans-fil\/","og_site_name":"Radoninstruments.com (FR)","article_modified_time":"2024-02-16T13:57:34+00:00","og_image":[{"width":1500,"height":1000,"url":"https:\/\/radoninstrument.com\/fr\/wp-content\/uploads\/sites\/3\/2022\/11\/DSF9409.jpg","type":"image\/jpeg"}],"twitter_card":"summary_large_image","twitter_misc":{"Dur\u00e9e de lecture estim\u00e9e":"1 minute"},"schema":{"@context":"https:\/\/schema.org","@graph":[{"@type":"WebPage","@id":"https:\/\/radoninstrument.com\/fr\/produit\/spirit-mesure-du-radon-en-continu-sans-fil\/","url":"https:\/\/radoninstrument.com\/fr\/produit\/spirit-mesure-du-radon-en-continu-sans-fil\/","name":"SPIRIT - Mesure du radon en continu - Radoninstruments.com (FR)","isPartOf":{"@id":"https:\/\/radoninstrument.com\/fr\/#website"},"primaryImageOfPage":{"@id":"https:\/\/radoninstrument.com\/fr\/produit\/spirit-mesure-du-radon-en-continu-sans-fil\/#primaryimage"},"image":{"@id":"https:\/\/radoninstrument.com\/fr\/produit\/spirit-mesure-du-radon-en-continu-sans-fil\/#primaryimage"},"thumbnailUrl":"https:\/\/radoninstrument.com\/fr\/wp-content\/uploads\/sites\/3\/2022\/11\/DSF9409.jpg","datePublished":"2022-12-15T12:04:15+00:00","dateModified":"2024-02-16T13:57:34+00:00","breadcrumb":{"@id":"https:\/\/radoninstrument.com\/fr\/produit\/spirit-mesure-du-radon-en-continu-sans-fil\/#breadcrumb"},"inLanguage":"fr-FR","potentialAction":[{"@type":"ReadAction","target":["https:\/\/radoninstrument.com\/fr\/produit\/spirit-mesure-du-radon-en-continu-sans-fil\/"]}]},{"@type":"ImageObject","inLanguage":"fr-FR","@id":"https:\/\/radoninstrument.com\/fr\/produit\/spirit-mesure-du-radon-en-continu-sans-fil\/#primaryimage","url":"https:\/\/radoninstrument.com\/fr\/wp-content\/uploads\/sites\/3\/2022\/11\/DSF9409.jpg","contentUrl":"https:\/\/radoninstrument.com\/fr\/wp-content\/uploads\/sites\/3\/2022\/11\/DSF9409.jpg","width":1500,"height":1000},{"@type":"BreadcrumbList","@id":"https:\/\/radoninstrument.com\/fr\/produit\/spirit-mesure-du-radon-en-continu-sans-fil\/#breadcrumb","itemListElement":[{"@type":"ListItem","position":1,"name":"Hem","item":"https:\/\/radoninstrument.com\/fr\/"},{"@type":"ListItem","position":2,"name":"Boutique","item":"https:\/\/radoninstrument.com\/fr\/boutique\/"},{"@type":"ListItem","position":3,"name":"SPIRIT &#8211; Mesure du radon en continu"}]},{"@type":"WebSite","@id":"https:\/\/radoninstrument.com\/fr\/#website","url":"https:\/\/radoninstrument.com\/fr\/","name":"Radoninstruments.com (FR)","description":"","publisher":{"@id":"https:\/\/radoninstrument.com\/fr\/#organization"},"potentialAction":[{"@type":"SearchAction","target":{"@type":"EntryPoint","urlTemplate":"https:\/\/radoninstrument.com\/fr\/?s={search_term_string}"},"query-input":{"@type":"PropertyValueSpecification","valueRequired":true,"valueName":"search_term_string"}}],"inLanguage":"fr-FR"},{"@type":"Organization","@id":"https:\/\/radoninstrument.com\/fr\/#organization","name":"Radoninstruments.com (FR)","url":"https:\/\/radoninstrument.com\/fr\/","logo":{"@type":"ImageObject","inLanguage":"fr-FR","@id":"https:\/\/radoninstrument.com\/fr\/#\/schema\/logo\/image\/","url":"https:\/\/radoninstrument.com\/fr\/wp-content\/uploads\/sites\/3\/2020\/07\/radonova.png","contentUrl":"https:\/\/radoninstrument.com\/fr\/wp-content\/uploads\/sites\/3\/2020\/07\/radonova.png","width":300,"height":100,"caption":"Radoninstruments.com (FR)"},"image":{"@id":"https:\/\/radoninstrument.com\/fr\/#\/schema\/logo\/image\/"}}]}},"_links":{"self":[{"href":"https:\/\/radoninstrument.com\/fr\/wp-json\/wp\/v2\/product\/883"}],"collection":[{"href":"https:\/\/radoninstrument.com\/fr\/wp-json\/wp\/v2\/product"}],"about":[{"href":"https:\/\/radoninstrument.com\/fr\/wp-json\/wp\/v2\/types\/product"}],"replies":[{"embeddable":true,"href":"https:\/\/radoninstrument.com\/fr\/wp-json\/wp\/v2\/comments?post=883"}],"wp:featuredmedia":[{"embeddable":true,"href":"https:\/\/radoninstrument.com\/fr\/wp-json\/wp\/v2\/media\/868"}],"wp:attachment":[{"href":"https:\/\/radoninstrument.com\/fr\/wp-json\/wp\/v2\/media?parent=883"}],"wp:term":[{"taxonomy":"product_cat","embeddable":true,"href":"https:\/\/radoninstrument.com\/fr\/wp-json\/wp\/v2\/product_cat?post=883"},{"taxonomy":"product_tag","embeddable":true,"href":"https:\/\/radoninstrument.com\/fr\/wp-json\/wp\/v2\/product_tag?post=883"}],"curies":[{"name":"wp","href":"https:\/\/api.w.org\/{rel}","templated":true}]}}