{"id":286,"date":"2020-07-12T17:29:49","date_gmt":"2020-07-12T15:29:49","guid":{"rendered":"https:\/\/radoninstrument.com\/fr\/?post_type=product&#038;p=286"},"modified":"2026-01-23T16:07:08","modified_gmt":"2026-01-23T14:07:08","slug":"alphae","status":"publish","type":"product","link":"https:\/\/radoninstrument.com\/fr\/produit\/alphae\/","title":{"rendered":"AlphaE"},"content":{"rendered":"","protected":false},"excerpt":{"rendered":"<p>AlphaE est un dosim\u00e8tre personnel de radon. C&rsquo;est un appareil portatif \u00e9lectronique d\u00e9di\u00e9 \u00e0 la surveillance du radon en temps r\u00e9el dans des environnements vari\u00e9s. Il est particuli\u00e8rement adapt\u00e9 \u00e0 la dosim\u00e9trie personnelle de part son format, son extr\u00eame l\u00e9g\u00e8ret\u00e9, son fonctionnement sur batteries et sa capacit\u00e9 \u00e0 proposer une mesure du radon exprim\u00e9e directement en kBqh \/ m\u00b3, pratique pour \u00e9valuer directement la dose accumul\u00e9e par les agents. Il dispose d&rsquo;une r\u00e9solution temporelle proposant une pr\u00e9cision de mesure de l&rsquo;ordre de 80% 2h apr\u00e8s sa mise en route dans un environnement pr\u00e9sentant des taux de radon normaux.<\/p>\n<h3>Avec AlphaE, vous disposez d&rsquo;un instrument :<\/h3>\n<ul>\n<li>Discret et ultra portable<\/li>\n<li>Fonctionnant jusqu&rsquo;\u00e0 6 mois sur batteries<\/li>\n<li>Particuli\u00e8rement indiaqu\u00e9 pour la dosim\u00e9trie personnelle<\/li>\n<\/ul>\n","protected":false},"featured_media":42,"comment_status":"open","ping_status":"closed","template":"","meta":[],"product_cat":[24,19],"product_tag":[],"class_list":{"0":"post-286","1":"product","2":"type-product","3":"status-publish","4":"has-post-thumbnail","6":"product_cat-dosimetre","7":"product_cat-enregistreur","8":"product_shipping_class-small-packages","10":"first","11":"instock","12":"taxable","13":"shipping-taxable","14":"purchasable","15":"product-type-simple"},"yoast_head":"<!-- This site is optimized with the Yoast SEO plugin v23.6 - https:\/\/yoast.com\/wordpress\/plugins\/seo\/ -->\n<title>AlphaE - Radoninstruments.com (FR)<\/title>\n<meta name=\"robots\" content=\"index, follow, max-snippet:-1, max-image-preview:large, max-video-preview:-1\" \/>\n<link rel=\"canonical\" href=\"https:\/\/radoninstrument.com\/fr\/produit\/alphae\/\" \/>\n<meta property=\"og:locale\" content=\"fr_FR\" \/>\n<meta property=\"og:type\" content=\"article\" \/>\n<meta property=\"og:title\" content=\"AlphaE - Radoninstruments.com (FR)\" \/>\n<meta property=\"og:description\" content=\"AlphaE est un dosim\u00e8tre personnel de radon. C&#039;est un appareil portatif \u00e9lectronique d\u00e9di\u00e9 \u00e0 la surveillance du radon en temps r\u00e9el dans des environnements vari\u00e9s. Il est particuli\u00e8rement adapt\u00e9 \u00e0 la dosim\u00e9trie personnelle de part son format, son extr\u00eame l\u00e9g\u00e8ret\u00e9, son fonctionnement sur batteries et sa capacit\u00e9 \u00e0 proposer une mesure du radon exprim\u00e9e directement en kBqh \/ m\u00b3, pratique pour \u00e9valuer directement la dose accumul\u00e9e par les agents. Il dispose d&#039;une r\u00e9solution temporelle proposant une pr\u00e9cision de mesure de l&#039;ordre de 80% 2h apr\u00e8s sa mise en route dans un environnement pr\u00e9sentant des taux de radon normaux. Avec AlphaE, vous disposez d&#039;un instrument :   Discret et ultra portable  Fonctionnant jusqu&#039;\u00e0 6 mois sur batteries  Particuli\u00e8rement indiaqu\u00e9 pour la dosim\u00e9trie personnelle\" \/>\n<meta property=\"og:url\" content=\"https:\/\/radoninstrument.com\/fr\/produit\/alphae\/\" \/>\n<meta property=\"og:site_name\" content=\"Radoninstruments.com (FR)\" \/>\n<meta property=\"article:modified_time\" content=\"2026-01-23T14:07:08+00:00\" \/>\n<meta property=\"og:image\" content=\"https:\/\/radoninstrument.com\/fr\/wp-content\/uploads\/sites\/3\/2020\/07\/Alphae-1-scaled.jpg\" \/>\n\t<meta property=\"og:image:width\" content=\"2560\" \/>\n\t<meta property=\"og:image:height\" content=\"1707\" \/>\n\t<meta property=\"og:image:type\" content=\"image\/jpeg\" \/>\n<meta name=\"twitter:card\" content=\"summary_large_image\" \/>\n<script type=\"application\/ld+json\" class=\"yoast-schema-graph\">{\"@context\":\"https:\/\/schema.org\",\"@graph\":[{\"@type\":\"WebPage\",\"@id\":\"https:\/\/radoninstrument.com\/fr\/produit\/alphae\/\",\"url\":\"https:\/\/radoninstrument.com\/fr\/produit\/alphae\/\",\"name\":\"AlphaE - Radoninstruments.com (FR)\",\"isPartOf\":{\"@id\":\"https:\/\/radoninstrument.com\/fr\/#website\"},\"primaryImageOfPage\":{\"@id\":\"https:\/\/radoninstrument.com\/fr\/produit\/alphae\/#primaryimage\"},\"image\":{\"@id\":\"https:\/\/radoninstrument.com\/fr\/produit\/alphae\/#primaryimage\"},\"thumbnailUrl\":\"https:\/\/radoninstrument.com\/fr\/wp-content\/uploads\/sites\/3\/2020\/07\/Alphae-1-scaled.jpg\",\"datePublished\":\"2020-07-12T15:29:49+00:00\",\"dateModified\":\"2026-01-23T14:07:08+00:00\",\"breadcrumb\":{\"@id\":\"https:\/\/radoninstrument.com\/fr\/produit\/alphae\/#breadcrumb\"},\"inLanguage\":\"fr-FR\",\"potentialAction\":[{\"@type\":\"ReadAction\",\"target\":[\"https:\/\/radoninstrument.com\/fr\/produit\/alphae\/\"]}]},{\"@type\":\"ImageObject\",\"inLanguage\":\"fr-FR\",\"@id\":\"https:\/\/radoninstrument.com\/fr\/produit\/alphae\/#primaryimage\",\"url\":\"https:\/\/radoninstrument.com\/fr\/wp-content\/uploads\/sites\/3\/2020\/07\/Alphae-1-scaled.jpg\",\"contentUrl\":\"https:\/\/radoninstrument.com\/fr\/wp-content\/uploads\/sites\/3\/2020\/07\/Alphae-1-scaled.jpg\",\"width\":2560,\"height\":1707},{\"@type\":\"BreadcrumbList\",\"@id\":\"https:\/\/radoninstrument.com\/fr\/produit\/alphae\/#breadcrumb\",\"itemListElement\":[{\"@type\":\"ListItem\",\"position\":1,\"name\":\"Hem\",\"item\":\"https:\/\/radoninstrument.com\/fr\/\"},{\"@type\":\"ListItem\",\"position\":2,\"name\":\"Boutique\",\"item\":\"https:\/\/radoninstrument.com\/fr\/boutique\/\"},{\"@type\":\"ListItem\",\"position\":3,\"name\":\"AlphaE\"}]},{\"@type\":\"WebSite\",\"@id\":\"https:\/\/radoninstrument.com\/fr\/#website\",\"url\":\"https:\/\/radoninstrument.com\/fr\/\",\"name\":\"Radoninstruments.com (FR)\",\"description\":\"\",\"publisher\":{\"@id\":\"https:\/\/radoninstrument.com\/fr\/#organization\"},\"potentialAction\":[{\"@type\":\"SearchAction\",\"target\":{\"@type\":\"EntryPoint\",\"urlTemplate\":\"https:\/\/radoninstrument.com\/fr\/?s={search_term_string}\"},\"query-input\":{\"@type\":\"PropertyValueSpecification\",\"valueRequired\":true,\"valueName\":\"search_term_string\"}}],\"inLanguage\":\"fr-FR\"},{\"@type\":\"Organization\",\"@id\":\"https:\/\/radoninstrument.com\/fr\/#organization\",\"name\":\"Radoninstruments.com (FR)\",\"url\":\"https:\/\/radoninstrument.com\/fr\/\",\"logo\":{\"@type\":\"ImageObject\",\"inLanguage\":\"fr-FR\",\"@id\":\"https:\/\/radoninstrument.com\/fr\/#\/schema\/logo\/image\/\",\"url\":\"https:\/\/radoninstrument.com\/fr\/wp-content\/uploads\/sites\/3\/2020\/07\/radonova.png\",\"contentUrl\":\"https:\/\/radoninstrument.com\/fr\/wp-content\/uploads\/sites\/3\/2020\/07\/radonova.png\",\"width\":300,\"height\":100,\"caption\":\"Radoninstruments.com (FR)\"},\"image\":{\"@id\":\"https:\/\/radoninstrument.com\/fr\/#\/schema\/logo\/image\/\"}}]}<\/script>\n<!-- \/ Yoast SEO plugin. -->","yoast_head_json":{"title":"AlphaE - Radoninstruments.com (FR)","robots":{"index":"index","follow":"follow","max-snippet":"max-snippet:-1","max-image-preview":"max-image-preview:large","max-video-preview":"max-video-preview:-1"},"canonical":"https:\/\/radoninstrument.com\/fr\/produit\/alphae\/","og_locale":"fr_FR","og_type":"article","og_title":"AlphaE - Radoninstruments.com (FR)","og_description":"AlphaE est un dosim\u00e8tre personnel de radon. C'est un appareil portatif \u00e9lectronique d\u00e9di\u00e9 \u00e0 la surveillance du radon en temps r\u00e9el dans des environnements vari\u00e9s. Il est particuli\u00e8rement adapt\u00e9 \u00e0 la dosim\u00e9trie personnelle de part son format, son extr\u00eame l\u00e9g\u00e8ret\u00e9, son fonctionnement sur batteries et sa capacit\u00e9 \u00e0 proposer une mesure du radon exprim\u00e9e directement en kBqh \/ m\u00b3, pratique pour \u00e9valuer directement la dose accumul\u00e9e par les agents. Il dispose d'une r\u00e9solution temporelle proposant une pr\u00e9cision de mesure de l'ordre de 80% 2h apr\u00e8s sa mise en route dans un environnement pr\u00e9sentant des taux de radon normaux. Avec AlphaE, vous disposez d'un instrument :   Discret et ultra portable  Fonctionnant jusqu'\u00e0 6 mois sur batteries  Particuli\u00e8rement indiaqu\u00e9 pour la dosim\u00e9trie personnelle","og_url":"https:\/\/radoninstrument.com\/fr\/produit\/alphae\/","og_site_name":"Radoninstruments.com (FR)","article_modified_time":"2026-01-23T14:07:08+00:00","og_image":[{"width":2560,"height":1707,"url":"https:\/\/radoninstrument.com\/fr\/wp-content\/uploads\/sites\/3\/2020\/07\/Alphae-1-scaled.jpg","type":"image\/jpeg"}],"twitter_card":"summary_large_image","schema":{"@context":"https:\/\/schema.org","@graph":[{"@type":"WebPage","@id":"https:\/\/radoninstrument.com\/fr\/produit\/alphae\/","url":"https:\/\/radoninstrument.com\/fr\/produit\/alphae\/","name":"AlphaE - Radoninstruments.com (FR)","isPartOf":{"@id":"https:\/\/radoninstrument.com\/fr\/#website"},"primaryImageOfPage":{"@id":"https:\/\/radoninstrument.com\/fr\/produit\/alphae\/#primaryimage"},"image":{"@id":"https:\/\/radoninstrument.com\/fr\/produit\/alphae\/#primaryimage"},"thumbnailUrl":"https:\/\/radoninstrument.com\/fr\/wp-content\/uploads\/sites\/3\/2020\/07\/Alphae-1-scaled.jpg","datePublished":"2020-07-12T15:29:49+00:00","dateModified":"2026-01-23T14:07:08+00:00","breadcrumb":{"@id":"https:\/\/radoninstrument.com\/fr\/produit\/alphae\/#breadcrumb"},"inLanguage":"fr-FR","potentialAction":[{"@type":"ReadAction","target":["https:\/\/radoninstrument.com\/fr\/produit\/alphae\/"]}]},{"@type":"ImageObject","inLanguage":"fr-FR","@id":"https:\/\/radoninstrument.com\/fr\/produit\/alphae\/#primaryimage","url":"https:\/\/radoninstrument.com\/fr\/wp-content\/uploads\/sites\/3\/2020\/07\/Alphae-1-scaled.jpg","contentUrl":"https:\/\/radoninstrument.com\/fr\/wp-content\/uploads\/sites\/3\/2020\/07\/Alphae-1-scaled.jpg","width":2560,"height":1707},{"@type":"BreadcrumbList","@id":"https:\/\/radoninstrument.com\/fr\/produit\/alphae\/#breadcrumb","itemListElement":[{"@type":"ListItem","position":1,"name":"Hem","item":"https:\/\/radoninstrument.com\/fr\/"},{"@type":"ListItem","position":2,"name":"Boutique","item":"https:\/\/radoninstrument.com\/fr\/boutique\/"},{"@type":"ListItem","position":3,"name":"AlphaE"}]},{"@type":"WebSite","@id":"https:\/\/radoninstrument.com\/fr\/#website","url":"https:\/\/radoninstrument.com\/fr\/","name":"Radoninstruments.com (FR)","description":"","publisher":{"@id":"https:\/\/radoninstrument.com\/fr\/#organization"},"potentialAction":[{"@type":"SearchAction","target":{"@type":"EntryPoint","urlTemplate":"https:\/\/radoninstrument.com\/fr\/?s={search_term_string}"},"query-input":{"@type":"PropertyValueSpecification","valueRequired":true,"valueName":"search_term_string"}}],"inLanguage":"fr-FR"},{"@type":"Organization","@id":"https:\/\/radoninstrument.com\/fr\/#organization","name":"Radoninstruments.com (FR)","url":"https:\/\/radoninstrument.com\/fr\/","logo":{"@type":"ImageObject","inLanguage":"fr-FR","@id":"https:\/\/radoninstrument.com\/fr\/#\/schema\/logo\/image\/","url":"https:\/\/radoninstrument.com\/fr\/wp-content\/uploads\/sites\/3\/2020\/07\/radonova.png","contentUrl":"https:\/\/radoninstrument.com\/fr\/wp-content\/uploads\/sites\/3\/2020\/07\/radonova.png","width":300,"height":100,"caption":"Radoninstruments.com (FR)"},"image":{"@id":"https:\/\/radoninstrument.com\/fr\/#\/schema\/logo\/image\/"}}]}},"_links":{"self":[{"href":"https:\/\/radoninstrument.com\/fr\/wp-json\/wp\/v2\/product\/286"}],"collection":[{"href":"https:\/\/radoninstrument.com\/fr\/wp-json\/wp\/v2\/product"}],"about":[{"href":"https:\/\/radoninstrument.com\/fr\/wp-json\/wp\/v2\/types\/product"}],"replies":[{"embeddable":true,"href":"https:\/\/radoninstrument.com\/fr\/wp-json\/wp\/v2\/comments?post=286"}],"wp:featuredmedia":[{"embeddable":true,"href":"https:\/\/radoninstrument.com\/fr\/wp-json\/wp\/v2\/media\/42"}],"wp:attachment":[{"href":"https:\/\/radoninstrument.com\/fr\/wp-json\/wp\/v2\/media?parent=286"}],"wp:term":[{"taxonomy":"product_cat","embeddable":true,"href":"https:\/\/radoninstrument.com\/fr\/wp-json\/wp\/v2\/product_cat?post=286"},{"taxonomy":"product_tag","embeddable":true,"href":"https:\/\/radoninstrument.com\/fr\/wp-json\/wp\/v2\/product_tag?post=286"}],"curies":[{"name":"wp","href":"https:\/\/api.w.org\/{rel}","templated":true}]}}