{"id":227,"date":"2020-07-09T19:09:36","date_gmt":"2020-07-09T17:09:36","guid":{"rendered":"https:\/\/radoninstrument.com\/fr\/?post_type=product&#038;p=227"},"modified":"2023-01-01T11:35:43","modified_gmt":"2023-01-01T09:35:43","slug":"atmos","status":"publish","type":"product","link":"https:\/\/radoninstrument.com\/fr\/produit\/atmos\/","title":{"rendered":"ATMOS"},"content":{"rendered":"","protected":false},"excerpt":{"rendered":"<p>ATMOS est le renifleur de radon le plus pr\u00e9cis du du march\u00e9. D\u00e9di\u00e9 \u00e0 un usage professionnel de terrain mais aussi exp\u00e9rimental, il dispose d&rsquo;une chambre de mesure fonctionnant sur le principe d&rsquo;une grande chambre \u00e0 ions puls\u00e9s garantissant ainsi un temps de r\u00e9ponse ultra rapide, une pr\u00e9cision et une versatilit\u00e9 aujourd&rsquo;hui in\u00e9gal\u00e9e. Utilisable en bandouli\u00e8re, sa compacit\u00e9 et sa l\u00e9g\u00e8ret\u00e9 permettent une libert\u00e9 de mouvement et un confort d&rsquo;utilisation au service d&rsquo;une efficacit\u00e9 maximale. Son logiciel PC \u00e0 la fois complet et tr\u00e8s intuitif vous accompagnera efficacement dans le d\u00e9veloppement de votre activit\u00e9.<\/p>\n<h3>Avec ATMOS, vous disposez d&rsquo;un instrument :<\/h3>\n<ul>\n<li>Capable de r\u00e9aliser des mesures d&rsquo;une pr\u00e9cision de 70% apr\u00e8s seulement 5min de mesure et de 90% \u00e0 10min.<\/li>\n<li>Capable de multiplier le nombre de mesures dans des environnements vari\u00e9s sans compromettre la qualit\u00e9 des mesures.<\/li>\n<li>Un logiciel complet, intuitif et facile d&rsquo;utilisation permettant d&rsquo;\u00e9diter des rapports clairs et de visualiser ais\u00e9ment la distribution temporelle de la teneur en radon des points de mesures, ainsi que le spectre \u00e9nerg\u00e9tique correspondant.<\/li>\n<li>Portable, l\u00e9ger et disposant une autonomie de 8h en fonctionnement continu.<\/li>\n<li>Qui enregistre les param\u00e8tres environnementaux en m\u00eame tenps que le radon (t\u00e9mp\u00e9rature, pression, humidit\u00e9).<\/li>\n<\/ul>\n<p>Faire le choix d&rsquo;ATMOS, c&rsquo;est se doter d&rsquo;un instrument r\u00e9f\u00e9rence reconnu et pl\u00e9bscit\u00e9 par la profession pour vous acconpagner dans le d\u00e9veloppement de votre activit\u00e9.<\/p>\n","protected":false},"featured_media":32,"comment_status":"open","ping_status":"closed","template":"","meta":[],"product_cat":[19,20],"product_tag":[],"class_list":{"0":"post-227","1":"product","2":"type-product","3":"status-publish","4":"has-post-thumbnail","6":"product_cat-enregistreur","7":"product_cat-renifleur","8":"product_shipping_class-large-packages","10":"first","11":"instock","12":"taxable","13":"shipping-taxable","14":"purchasable","15":"product-type-simple"},"yoast_head":"<!-- This site is optimized with the Yoast SEO plugin v23.6 - https:\/\/yoast.com\/wordpress\/plugins\/seo\/ -->\n<title>ATMOS - Radoninstruments.com (FR)<\/title>\n<meta name=\"robots\" content=\"index, follow, max-snippet:-1, max-image-preview:large, max-video-preview:-1\" \/>\n<link rel=\"canonical\" href=\"https:\/\/radoninstrument.com\/fr\/produit\/atmos\/\" \/>\n<meta property=\"og:locale\" content=\"fr_FR\" \/>\n<meta property=\"og:type\" content=\"article\" \/>\n<meta property=\"og:title\" content=\"ATMOS - Radoninstruments.com (FR)\" \/>\n<meta property=\"og:description\" content=\"ATMOS est le renifleur de radon le plus pr\u00e9cis du du march\u00e9. D\u00e9di\u00e9 \u00e0 un usage professionnel de terrain mais aussi exp\u00e9rimental, il dispose d&#039;une chambre de mesure fonctionnant sur le principe d&#039;une grande chambre \u00e0 ions puls\u00e9s garantissant ainsi un temps de r\u00e9ponse ultra rapide, une pr\u00e9cision et une versatilit\u00e9 aujourd&#039;hui in\u00e9gal\u00e9e. Utilisable en bandouli\u00e8re, sa compacit\u00e9 et sa l\u00e9g\u00e8ret\u00e9 permettent une libert\u00e9 de mouvement et un confort d&#039;utilisation au service d&#039;une efficacit\u00e9 maximale. Son logiciel PC \u00e0 la fois complet et tr\u00e8s intuitif vous accompagnera efficacement dans le d\u00e9veloppement de votre activit\u00e9. Avec ATMOS, vous disposez d&#039;un instrument :   Capable de r\u00e9aliser des mesures d&#039;une pr\u00e9cision de 70% apr\u00e8s seulement 5min de mesure et de 90% \u00e0 10min.  Capable de multiplier le nombre de mesures dans des environnements vari\u00e9s sans compromettre la qualit\u00e9 des mesures.  Un logiciel complet, intuitif et facile d&#039;utilisation permettant d&#039;\u00e9diter des rapports clairs et de visualiser ais\u00e9ment la distribution temporelle de la teneur en radon des points de mesures, ainsi que le spectre \u00e9nerg\u00e9tique correspondant.  Portable, l\u00e9ger et disposant une autonomie de 8h en fonctionnement continu.  Qui enregistre les param\u00e8tres environnementaux en m\u00eame tenps que le radon (t\u00e9mp\u00e9rature, pression, humidit\u00e9).  Faire le choix d&#039;ATMOS, c&#039;est se doter d&#039;un instrument r\u00e9f\u00e9rence reconnu et pl\u00e9bscit\u00e9 par la profession pour vous acconpagner dans le d\u00e9veloppement de votre activit\u00e9.\" \/>\n<meta property=\"og:url\" content=\"https:\/\/radoninstrument.com\/fr\/produit\/atmos\/\" \/>\n<meta property=\"og:site_name\" content=\"Radoninstruments.com (FR)\" \/>\n<meta property=\"article:modified_time\" content=\"2023-01-01T09:35:43+00:00\" \/>\n<meta property=\"og:image\" content=\"https:\/\/radoninstrument.com\/fr\/wp-content\/uploads\/sites\/3\/2020\/07\/Atmos-1-scaled.jpg\" \/>\n\t<meta property=\"og:image:width\" content=\"2560\" \/>\n\t<meta property=\"og:image:height\" content=\"1707\" \/>\n\t<meta property=\"og:image:type\" content=\"image\/jpeg\" \/>\n<meta name=\"twitter:card\" content=\"summary_large_image\" \/>\n<script type=\"application\/ld+json\" class=\"yoast-schema-graph\">{\"@context\":\"https:\/\/schema.org\",\"@graph\":[{\"@type\":\"WebPage\",\"@id\":\"https:\/\/radoninstrument.com\/fr\/produit\/atmos\/\",\"url\":\"https:\/\/radoninstrument.com\/fr\/produit\/atmos\/\",\"name\":\"ATMOS - Radoninstruments.com (FR)\",\"isPartOf\":{\"@id\":\"https:\/\/radoninstrument.com\/fr\/#website\"},\"primaryImageOfPage\":{\"@id\":\"https:\/\/radoninstrument.com\/fr\/produit\/atmos\/#primaryimage\"},\"image\":{\"@id\":\"https:\/\/radoninstrument.com\/fr\/produit\/atmos\/#primaryimage\"},\"thumbnailUrl\":\"https:\/\/radoninstrument.com\/fr\/wp-content\/uploads\/sites\/3\/2020\/07\/Atmos-1-scaled.jpg\",\"datePublished\":\"2020-07-09T17:09:36+00:00\",\"dateModified\":\"2023-01-01T09:35:43+00:00\",\"breadcrumb\":{\"@id\":\"https:\/\/radoninstrument.com\/fr\/produit\/atmos\/#breadcrumb\"},\"inLanguage\":\"fr-FR\",\"potentialAction\":[{\"@type\":\"ReadAction\",\"target\":[\"https:\/\/radoninstrument.com\/fr\/produit\/atmos\/\"]}]},{\"@type\":\"ImageObject\",\"inLanguage\":\"fr-FR\",\"@id\":\"https:\/\/radoninstrument.com\/fr\/produit\/atmos\/#primaryimage\",\"url\":\"https:\/\/radoninstrument.com\/fr\/wp-content\/uploads\/sites\/3\/2020\/07\/Atmos-1-scaled.jpg\",\"contentUrl\":\"https:\/\/radoninstrument.com\/fr\/wp-content\/uploads\/sites\/3\/2020\/07\/Atmos-1-scaled.jpg\",\"width\":2560,\"height\":1707},{\"@type\":\"BreadcrumbList\",\"@id\":\"https:\/\/radoninstrument.com\/fr\/produit\/atmos\/#breadcrumb\",\"itemListElement\":[{\"@type\":\"ListItem\",\"position\":1,\"name\":\"Hem\",\"item\":\"https:\/\/radoninstrument.com\/fr\/\"},{\"@type\":\"ListItem\",\"position\":2,\"name\":\"Boutique\",\"item\":\"https:\/\/radoninstrument.com\/fr\/boutique\/\"},{\"@type\":\"ListItem\",\"position\":3,\"name\":\"ATMOS\"}]},{\"@type\":\"WebSite\",\"@id\":\"https:\/\/radoninstrument.com\/fr\/#website\",\"url\":\"https:\/\/radoninstrument.com\/fr\/\",\"name\":\"Radoninstruments.com (FR)\",\"description\":\"\",\"publisher\":{\"@id\":\"https:\/\/radoninstrument.com\/fr\/#organization\"},\"potentialAction\":[{\"@type\":\"SearchAction\",\"target\":{\"@type\":\"EntryPoint\",\"urlTemplate\":\"https:\/\/radoninstrument.com\/fr\/?s={search_term_string}\"},\"query-input\":{\"@type\":\"PropertyValueSpecification\",\"valueRequired\":true,\"valueName\":\"search_term_string\"}}],\"inLanguage\":\"fr-FR\"},{\"@type\":\"Organization\",\"@id\":\"https:\/\/radoninstrument.com\/fr\/#organization\",\"name\":\"Radoninstruments.com (FR)\",\"url\":\"https:\/\/radoninstrument.com\/fr\/\",\"logo\":{\"@type\":\"ImageObject\",\"inLanguage\":\"fr-FR\",\"@id\":\"https:\/\/radoninstrument.com\/fr\/#\/schema\/logo\/image\/\",\"url\":\"https:\/\/radoninstrument.com\/fr\/wp-content\/uploads\/sites\/3\/2020\/07\/radonova.png\",\"contentUrl\":\"https:\/\/radoninstrument.com\/fr\/wp-content\/uploads\/sites\/3\/2020\/07\/radonova.png\",\"width\":300,\"height\":100,\"caption\":\"Radoninstruments.com (FR)\"},\"image\":{\"@id\":\"https:\/\/radoninstrument.com\/fr\/#\/schema\/logo\/image\/\"}}]}<\/script>\n<!-- \/ Yoast SEO plugin. -->","yoast_head_json":{"title":"ATMOS - Radoninstruments.com (FR)","robots":{"index":"index","follow":"follow","max-snippet":"max-snippet:-1","max-image-preview":"max-image-preview:large","max-video-preview":"max-video-preview:-1"},"canonical":"https:\/\/radoninstrument.com\/fr\/produit\/atmos\/","og_locale":"fr_FR","og_type":"article","og_title":"ATMOS - Radoninstruments.com (FR)","og_description":"ATMOS est le renifleur de radon le plus pr\u00e9cis du du march\u00e9. D\u00e9di\u00e9 \u00e0 un usage professionnel de terrain mais aussi exp\u00e9rimental, il dispose d'une chambre de mesure fonctionnant sur le principe d'une grande chambre \u00e0 ions puls\u00e9s garantissant ainsi un temps de r\u00e9ponse ultra rapide, une pr\u00e9cision et une versatilit\u00e9 aujourd'hui in\u00e9gal\u00e9e. Utilisable en bandouli\u00e8re, sa compacit\u00e9 et sa l\u00e9g\u00e8ret\u00e9 permettent une libert\u00e9 de mouvement et un confort d'utilisation au service d'une efficacit\u00e9 maximale. Son logiciel PC \u00e0 la fois complet et tr\u00e8s intuitif vous accompagnera efficacement dans le d\u00e9veloppement de votre activit\u00e9. Avec ATMOS, vous disposez d'un instrument :   Capable de r\u00e9aliser des mesures d'une pr\u00e9cision de 70% apr\u00e8s seulement 5min de mesure et de 90% \u00e0 10min.  Capable de multiplier le nombre de mesures dans des environnements vari\u00e9s sans compromettre la qualit\u00e9 des mesures.  Un logiciel complet, intuitif et facile d'utilisation permettant d'\u00e9diter des rapports clairs et de visualiser ais\u00e9ment la distribution temporelle de la teneur en radon des points de mesures, ainsi que le spectre \u00e9nerg\u00e9tique correspondant.  Portable, l\u00e9ger et disposant une autonomie de 8h en fonctionnement continu.  Qui enregistre les param\u00e8tres environnementaux en m\u00eame tenps que le radon (t\u00e9mp\u00e9rature, pression, humidit\u00e9).  Faire le choix d'ATMOS, c'est se doter d'un instrument r\u00e9f\u00e9rence reconnu et pl\u00e9bscit\u00e9 par la profession pour vous acconpagner dans le d\u00e9veloppement de votre activit\u00e9.","og_url":"https:\/\/radoninstrument.com\/fr\/produit\/atmos\/","og_site_name":"Radoninstruments.com (FR)","article_modified_time":"2023-01-01T09:35:43+00:00","og_image":[{"width":2560,"height":1707,"url":"https:\/\/radoninstrument.com\/fr\/wp-content\/uploads\/sites\/3\/2020\/07\/Atmos-1-scaled.jpg","type":"image\/jpeg"}],"twitter_card":"summary_large_image","schema":{"@context":"https:\/\/schema.org","@graph":[{"@type":"WebPage","@id":"https:\/\/radoninstrument.com\/fr\/produit\/atmos\/","url":"https:\/\/radoninstrument.com\/fr\/produit\/atmos\/","name":"ATMOS - Radoninstruments.com (FR)","isPartOf":{"@id":"https:\/\/radoninstrument.com\/fr\/#website"},"primaryImageOfPage":{"@id":"https:\/\/radoninstrument.com\/fr\/produit\/atmos\/#primaryimage"},"image":{"@id":"https:\/\/radoninstrument.com\/fr\/produit\/atmos\/#primaryimage"},"thumbnailUrl":"https:\/\/radoninstrument.com\/fr\/wp-content\/uploads\/sites\/3\/2020\/07\/Atmos-1-scaled.jpg","datePublished":"2020-07-09T17:09:36+00:00","dateModified":"2023-01-01T09:35:43+00:00","breadcrumb":{"@id":"https:\/\/radoninstrument.com\/fr\/produit\/atmos\/#breadcrumb"},"inLanguage":"fr-FR","potentialAction":[{"@type":"ReadAction","target":["https:\/\/radoninstrument.com\/fr\/produit\/atmos\/"]}]},{"@type":"ImageObject","inLanguage":"fr-FR","@id":"https:\/\/radoninstrument.com\/fr\/produit\/atmos\/#primaryimage","url":"https:\/\/radoninstrument.com\/fr\/wp-content\/uploads\/sites\/3\/2020\/07\/Atmos-1-scaled.jpg","contentUrl":"https:\/\/radoninstrument.com\/fr\/wp-content\/uploads\/sites\/3\/2020\/07\/Atmos-1-scaled.jpg","width":2560,"height":1707},{"@type":"BreadcrumbList","@id":"https:\/\/radoninstrument.com\/fr\/produit\/atmos\/#breadcrumb","itemListElement":[{"@type":"ListItem","position":1,"name":"Hem","item":"https:\/\/radoninstrument.com\/fr\/"},{"@type":"ListItem","position":2,"name":"Boutique","item":"https:\/\/radoninstrument.com\/fr\/boutique\/"},{"@type":"ListItem","position":3,"name":"ATMOS"}]},{"@type":"WebSite","@id":"https:\/\/radoninstrument.com\/fr\/#website","url":"https:\/\/radoninstrument.com\/fr\/","name":"Radoninstruments.com (FR)","description":"","publisher":{"@id":"https:\/\/radoninstrument.com\/fr\/#organization"},"potentialAction":[{"@type":"SearchAction","target":{"@type":"EntryPoint","urlTemplate":"https:\/\/radoninstrument.com\/fr\/?s={search_term_string}"},"query-input":{"@type":"PropertyValueSpecification","valueRequired":true,"valueName":"search_term_string"}}],"inLanguage":"fr-FR"},{"@type":"Organization","@id":"https:\/\/radoninstrument.com\/fr\/#organization","name":"Radoninstruments.com (FR)","url":"https:\/\/radoninstrument.com\/fr\/","logo":{"@type":"ImageObject","inLanguage":"fr-FR","@id":"https:\/\/radoninstrument.com\/fr\/#\/schema\/logo\/image\/","url":"https:\/\/radoninstrument.com\/fr\/wp-content\/uploads\/sites\/3\/2020\/07\/radonova.png","contentUrl":"https:\/\/radoninstrument.com\/fr\/wp-content\/uploads\/sites\/3\/2020\/07\/radonova.png","width":300,"height":100,"caption":"Radoninstruments.com (FR)"},"image":{"@id":"https:\/\/radoninstrument.com\/fr\/#\/schema\/logo\/image\/"}}]}},"_links":{"self":[{"href":"https:\/\/radoninstrument.com\/fr\/wp-json\/wp\/v2\/product\/227"}],"collection":[{"href":"https:\/\/radoninstrument.com\/fr\/wp-json\/wp\/v2\/product"}],"about":[{"href":"https:\/\/radoninstrument.com\/fr\/wp-json\/wp\/v2\/types\/product"}],"replies":[{"embeddable":true,"href":"https:\/\/radoninstrument.com\/fr\/wp-json\/wp\/v2\/comments?post=227"}],"wp:featuredmedia":[{"embeddable":true,"href":"https:\/\/radoninstrument.com\/fr\/wp-json\/wp\/v2\/media\/32"}],"wp:attachment":[{"href":"https:\/\/radoninstrument.com\/fr\/wp-json\/wp\/v2\/media?parent=227"}],"wp:term":[{"taxonomy":"product_cat","embeddable":true,"href":"https:\/\/radoninstrument.com\/fr\/wp-json\/wp\/v2\/product_cat?post=227"},{"taxonomy":"product_tag","embeddable":true,"href":"https:\/\/radoninstrument.com\/fr\/wp-json\/wp\/v2\/product_tag?post=227"}],"curies":[{"name":"wp","href":"https:\/\/api.w.org\/{rel}","templated":true}]}}