{"id":223,"date":"2020-07-08T23:18:19","date_gmt":"2020-07-08T21:18:19","guid":{"rendered":"https:\/\/radoninstrument.com\/fr\/?post_type=product&#038;p=223"},"modified":"2023-01-01T11:35:51","modified_gmt":"2023-01-01T09:35:51","slug":"markus","status":"publish","type":"product","link":"https:\/\/radoninstrument.com\/fr\/produit\/markus\/","title":{"rendered":"MARKUS"},"content":{"rendered":"<p>MARKUS 10 est un instrument utilis\u00e9 pour mesurer le radon dans le sol. C&rsquo;est un appareil portable fonctionnant sur batterie qui peut mesurer des concentrations \u00e9lev\u00e9es de radon.<\/p>\n<p>Introduisez la sonde fournie dans le sol jusqu&rsquo;\u00e0 une profondeur d&rsquo;environ 70cm &#8211; 100cm. Branchez l&rsquo;instrument \u00e0 la sonde par le biais d&rsquo;une ba\u00efonnette \u00e9quip\u00e9e d&rsquo;un filtre \u00e0 eau \u00e9galement fournie. Appuyez sur Start. La pompe se met alors en marche. Le temps de pompage effectif pour remplir la chambre de mesure est d&rsquo;environ 30 secondes. D\u00e8s que l&rsquo;afficheur cesse de clignoter, la mesure est termin\u00e9e et vous pouvez alors renouveler l&rsquo;op\u00e9ration sur un autre point de mesure.<\/p>\n<p>Le prix comprend l&rsquo;instrument lui-m\u00eame, un chargeur de batterie, une sonde avec t\u00eate d&rsquo;insertion et une pointe de rechange, une ba\u00efonette de connexion disposant d&rsquo;un filtre \u00e0 eau. une cl\u00e9 de connexion et un certificat d&rsquo;\u00e9talonnage.<\/p>\n<p>L&rsquo;ensemble des accessoires n\u00e9cessaires au fonctionnement de MARKUS sont disponibles \u00e0 l&rsquo;unit\u00e9.<\/p>\n<p>Un marteau coulissant est disponible en option, ce qui vous \u00e9vite d&rsquo;avoir \u00e0 utiliser un maillet pour ins\u00e9rer la sonde \u00e0 70 cm dans le sol.<\/p>\n<div class='avia-iframe-wrap'><iframe title=\"Radonova Markus - Radon measurement in soil\" width=\"1500\" height=\"844\" src=\"https:\/\/www.youtube.com\/embed\/EJvKO-2NHnk?feature=oembed\" frameborder=\"0\" allow=\"accelerometer; autoplay; clipboard-write; encrypted-media; gyroscope; picture-in-picture\" allowfullscreen><\/iframe><\/div>\n","protected":false},"excerpt":{"rendered":"<div class=\"tlid-input input\">\n<div class=\"source-wrap\">\n<div class=\"input-full-height-wrapper tlid-input-full-height-wrapper\">\n<div class=\"source-input\">\n<div class=\"source-footer-wrap source-or-target-footer\">\n<div class=\"character-count tlid-character-count\">\n<div class=\"cc-ctr normal\">MARKUS est un instrument professionnel d\u00e9di\u00e9 \u00e0 la mesure du radon dans le sol. C&rsquo;est un instrument extr\u00eamement robuste fonctionnant sur le principe d&rsquo;une chambre de mesure disposant d\u2019un d\u00e9tecteur \u00e0 semi-conducteur mesurant les filles de radon. MARKUS est sp\u00e9cialement \u00e9talonn\u00e9 pour g\u00e9rer efficacement les hautes concentration de radon habituellement mesur\u00e9es dans le sol.<\/div>\n<\/div>\n<\/div>\n<\/div>\n<\/div>\n<\/div>\n<\/div>\n<div class=\"tlid-results-container results-container\">\n<div class=\"tlid-result result-dict-wrapper\">\n<div class=\"result tlid-copy-target\">\n<div class=\"text-wrap tlid-copy-target\">\n<h3 class=\"result-shield-container tlid-copy-target\"><span class=\"tlid-translation translation\" lang=\"fr\"><br \/>\n<span class=\"\" title=\"\">Avec MARKUS, vous disposez d&rsquo;un instrument :<\/span><\/span><\/h3>\n<ul>\n<li class=\"result-shield-container tlid-copy-target\"><span class=\"tlid-translation translation\" lang=\"fr\"><span title=\"\">Simple et efficace pour mesurer le radon dans le sol.<\/span><\/span><\/li>\n<li class=\"result-shield-container tlid-copy-target\"><span class=\"tlid-translation translation\" lang=\"fr\"><span class=\"\" title=\"\">Un temps de r\u00e9ponse de 14 minutes pour des r\u00e9sultats fiables<\/span><\/span><\/li>\n<li class=\"result-shield-container tlid-copy-target\"><span class=\"tlid-translation translation\" lang=\"fr\"><span title=\"\">Robuste et con\u00e7u pour une utilisation sur le terrain.<\/span><\/span><\/li>\n<li class=\"result-shield-container tlid-copy-target\"><span class=\"tlid-translation translation\" lang=\"fr\"><span title=\"\">Capable de mesurer des niveaux de radon tr\u00e8s \u00e9lev\u00e9s.<\/span><br \/>\n<\/span><\/li>\n<\/ul>\n<p><span class=\"tlid-translation translation\" lang=\"fr\"><span title=\"\">MARKUS est principalement utilis\u00e9 pour r\u00e9aliser des mesure de radon dans le sol notamment lors de la r\u00e9alisation d&rsquo;\u00e9tudes d&rsquo;impact ou cartographiques. Toutefois, il est \u00e9galement efficace pour r\u00e9aliser des mesures dans l&rsquo;air lorsque les concentrations en radon sont \u00e9lev\u00e9es (sup\u00e9rieures \u00e0 1 kBq \/ m\u00b3).<\/span><\/span><\/p>\n<\/div>\n<\/div>\n<\/div>\n<\/div>\n","protected":false},"featured_media":33,"comment_status":"open","ping_status":"closed","template":"","meta":[],"product_cat":[18],"product_tag":[],"class_list":{"0":"post-223","1":"product","2":"type-product","3":"status-publish","4":"has-post-thumbnail","6":"product_cat-detecteur-de-radon-dans-le-sol","7":"product_shipping_class-large-packages","9":"first","10":"instock","11":"taxable","12":"shipping-taxable","13":"purchasable","14":"product-type-simple"},"yoast_head":"<!-- This site is optimized with the Yoast SEO plugin v23.6 - https:\/\/yoast.com\/wordpress\/plugins\/seo\/ -->\n<title>MARKUS - Radoninstruments.com (FR)<\/title>\n<meta name=\"robots\" content=\"index, follow, max-snippet:-1, max-image-preview:large, max-video-preview:-1\" \/>\n<link rel=\"canonical\" href=\"https:\/\/radoninstrument.com\/fr\/produit\/markus\/\" \/>\n<meta property=\"og:locale\" content=\"fr_FR\" \/>\n<meta property=\"og:type\" content=\"article\" \/>\n<meta property=\"og:title\" content=\"MARKUS - Radoninstruments.com (FR)\" \/>\n<meta property=\"og:description\" content=\"MARKUS est un instrument professionnel d\u00e9di\u00e9 \u00e0 la mesure du radon dans le sol. C&#039;est un instrument extr\u00eamement robuste fonctionnant sur le principe d&#039;une chambre de mesure disposant d\u2019un d\u00e9tecteur \u00e0 semi-conducteur mesurant les filles de radon. MARKUS est sp\u00e9cialement \u00e9talonn\u00e9 pour g\u00e9rer efficacement les hautes concentration de radon habituellement mesur\u00e9es dans le sol.            Avec MARKUS, vous disposez d&#039;un instrument :   Simple et efficace pour mesurer le radon dans le sol.  Un temps de r\u00e9ponse de 14 minutes pour des r\u00e9sultats fiables  Robuste et con\u00e7u pour une utilisation sur le terrain.  Capable de mesurer des niveaux de radon tr\u00e8s \u00e9lev\u00e9s.   MARKUS est principalement utilis\u00e9 pour r\u00e9aliser des mesure de radon dans le sol notamment lors de la r\u00e9alisation d&#039;\u00e9tudes d&#039;impact ou cartographiques. Toutefois, il est \u00e9galement efficace pour r\u00e9aliser des mesures dans l&#039;air lorsque les concentrations en radon sont \u00e9lev\u00e9es (sup\u00e9rieures \u00e0 1 kBq \/ m\u00b3).\" \/>\n<meta property=\"og:url\" content=\"https:\/\/radoninstrument.com\/fr\/produit\/markus\/\" \/>\n<meta property=\"og:site_name\" content=\"Radoninstruments.com (FR)\" \/>\n<meta property=\"article:modified_time\" content=\"2023-01-01T09:35:51+00:00\" \/>\n<meta property=\"og:image\" content=\"https:\/\/radoninstrument.com\/fr\/wp-content\/uploads\/sites\/3\/2020\/07\/Markus-4-scaled.jpg\" \/>\n\t<meta property=\"og:image:width\" content=\"2560\" \/>\n\t<meta property=\"og:image:height\" content=\"1707\" \/>\n\t<meta property=\"og:image:type\" content=\"image\/jpeg\" \/>\n<meta name=\"twitter:card\" content=\"summary_large_image\" \/>\n<meta name=\"twitter:label1\" content=\"Dur\u00e9e de lecture estim\u00e9e\" \/>\n\t<meta name=\"twitter:data1\" content=\"1 minute\" \/>\n<script type=\"application\/ld+json\" class=\"yoast-schema-graph\">{\"@context\":\"https:\/\/schema.org\",\"@graph\":[{\"@type\":\"WebPage\",\"@id\":\"https:\/\/radoninstrument.com\/fr\/produit\/markus\/\",\"url\":\"https:\/\/radoninstrument.com\/fr\/produit\/markus\/\",\"name\":\"MARKUS - Radoninstruments.com (FR)\",\"isPartOf\":{\"@id\":\"https:\/\/radoninstrument.com\/fr\/#website\"},\"primaryImageOfPage\":{\"@id\":\"https:\/\/radoninstrument.com\/fr\/produit\/markus\/#primaryimage\"},\"image\":{\"@id\":\"https:\/\/radoninstrument.com\/fr\/produit\/markus\/#primaryimage\"},\"thumbnailUrl\":\"https:\/\/radoninstrument.com\/fr\/wp-content\/uploads\/sites\/3\/2020\/07\/Markus-4-scaled.jpg\",\"datePublished\":\"2020-07-08T21:18:19+00:00\",\"dateModified\":\"2023-01-01T09:35:51+00:00\",\"breadcrumb\":{\"@id\":\"https:\/\/radoninstrument.com\/fr\/produit\/markus\/#breadcrumb\"},\"inLanguage\":\"fr-FR\",\"potentialAction\":[{\"@type\":\"ReadAction\",\"target\":[\"https:\/\/radoninstrument.com\/fr\/produit\/markus\/\"]}]},{\"@type\":\"ImageObject\",\"inLanguage\":\"fr-FR\",\"@id\":\"https:\/\/radoninstrument.com\/fr\/produit\/markus\/#primaryimage\",\"url\":\"https:\/\/radoninstrument.com\/fr\/wp-content\/uploads\/sites\/3\/2020\/07\/Markus-4-scaled.jpg\",\"contentUrl\":\"https:\/\/radoninstrument.com\/fr\/wp-content\/uploads\/sites\/3\/2020\/07\/Markus-4-scaled.jpg\",\"width\":2560,\"height\":1707},{\"@type\":\"BreadcrumbList\",\"@id\":\"https:\/\/radoninstrument.com\/fr\/produit\/markus\/#breadcrumb\",\"itemListElement\":[{\"@type\":\"ListItem\",\"position\":1,\"name\":\"Hem\",\"item\":\"https:\/\/radoninstrument.com\/fr\/\"},{\"@type\":\"ListItem\",\"position\":2,\"name\":\"Boutique\",\"item\":\"https:\/\/radoninstrument.com\/fr\/boutique\/\"},{\"@type\":\"ListItem\",\"position\":3,\"name\":\"MARKUS\"}]},{\"@type\":\"WebSite\",\"@id\":\"https:\/\/radoninstrument.com\/fr\/#website\",\"url\":\"https:\/\/radoninstrument.com\/fr\/\",\"name\":\"Radoninstruments.com (FR)\",\"description\":\"\",\"publisher\":{\"@id\":\"https:\/\/radoninstrument.com\/fr\/#organization\"},\"potentialAction\":[{\"@type\":\"SearchAction\",\"target\":{\"@type\":\"EntryPoint\",\"urlTemplate\":\"https:\/\/radoninstrument.com\/fr\/?s={search_term_string}\"},\"query-input\":{\"@type\":\"PropertyValueSpecification\",\"valueRequired\":true,\"valueName\":\"search_term_string\"}}],\"inLanguage\":\"fr-FR\"},{\"@type\":\"Organization\",\"@id\":\"https:\/\/radoninstrument.com\/fr\/#organization\",\"name\":\"Radoninstruments.com (FR)\",\"url\":\"https:\/\/radoninstrument.com\/fr\/\",\"logo\":{\"@type\":\"ImageObject\",\"inLanguage\":\"fr-FR\",\"@id\":\"https:\/\/radoninstrument.com\/fr\/#\/schema\/logo\/image\/\",\"url\":\"https:\/\/radoninstrument.com\/fr\/wp-content\/uploads\/sites\/3\/2020\/07\/radonova.png\",\"contentUrl\":\"https:\/\/radoninstrument.com\/fr\/wp-content\/uploads\/sites\/3\/2020\/07\/radonova.png\",\"width\":300,\"height\":100,\"caption\":\"Radoninstruments.com (FR)\"},\"image\":{\"@id\":\"https:\/\/radoninstrument.com\/fr\/#\/schema\/logo\/image\/\"}}]}<\/script>\n<!-- \/ Yoast SEO plugin. -->","yoast_head_json":{"title":"MARKUS - Radoninstruments.com (FR)","robots":{"index":"index","follow":"follow","max-snippet":"max-snippet:-1","max-image-preview":"max-image-preview:large","max-video-preview":"max-video-preview:-1"},"canonical":"https:\/\/radoninstrument.com\/fr\/produit\/markus\/","og_locale":"fr_FR","og_type":"article","og_title":"MARKUS - Radoninstruments.com (FR)","og_description":"MARKUS est un instrument professionnel d\u00e9di\u00e9 \u00e0 la mesure du radon dans le sol. C'est un instrument extr\u00eamement robuste fonctionnant sur le principe d'une chambre de mesure disposant d\u2019un d\u00e9tecteur \u00e0 semi-conducteur mesurant les filles de radon. MARKUS est sp\u00e9cialement \u00e9talonn\u00e9 pour g\u00e9rer efficacement les hautes concentration de radon habituellement mesur\u00e9es dans le sol.            Avec MARKUS, vous disposez d'un instrument :   Simple et efficace pour mesurer le radon dans le sol.  Un temps de r\u00e9ponse de 14 minutes pour des r\u00e9sultats fiables  Robuste et con\u00e7u pour une utilisation sur le terrain.  Capable de mesurer des niveaux de radon tr\u00e8s \u00e9lev\u00e9s.   MARKUS est principalement utilis\u00e9 pour r\u00e9aliser des mesure de radon dans le sol notamment lors de la r\u00e9alisation d'\u00e9tudes d'impact ou cartographiques. Toutefois, il est \u00e9galement efficace pour r\u00e9aliser des mesures dans l'air lorsque les concentrations en radon sont \u00e9lev\u00e9es (sup\u00e9rieures \u00e0 1 kBq \/ m\u00b3).","og_url":"https:\/\/radoninstrument.com\/fr\/produit\/markus\/","og_site_name":"Radoninstruments.com (FR)","article_modified_time":"2023-01-01T09:35:51+00:00","og_image":[{"width":2560,"height":1707,"url":"https:\/\/radoninstrument.com\/fr\/wp-content\/uploads\/sites\/3\/2020\/07\/Markus-4-scaled.jpg","type":"image\/jpeg"}],"twitter_card":"summary_large_image","twitter_misc":{"Dur\u00e9e de lecture estim\u00e9e":"1 minute"},"schema":{"@context":"https:\/\/schema.org","@graph":[{"@type":"WebPage","@id":"https:\/\/radoninstrument.com\/fr\/produit\/markus\/","url":"https:\/\/radoninstrument.com\/fr\/produit\/markus\/","name":"MARKUS - Radoninstruments.com (FR)","isPartOf":{"@id":"https:\/\/radoninstrument.com\/fr\/#website"},"primaryImageOfPage":{"@id":"https:\/\/radoninstrument.com\/fr\/produit\/markus\/#primaryimage"},"image":{"@id":"https:\/\/radoninstrument.com\/fr\/produit\/markus\/#primaryimage"},"thumbnailUrl":"https:\/\/radoninstrument.com\/fr\/wp-content\/uploads\/sites\/3\/2020\/07\/Markus-4-scaled.jpg","datePublished":"2020-07-08T21:18:19+00:00","dateModified":"2023-01-01T09:35:51+00:00","breadcrumb":{"@id":"https:\/\/radoninstrument.com\/fr\/produit\/markus\/#breadcrumb"},"inLanguage":"fr-FR","potentialAction":[{"@type":"ReadAction","target":["https:\/\/radoninstrument.com\/fr\/produit\/markus\/"]}]},{"@type":"ImageObject","inLanguage":"fr-FR","@id":"https:\/\/radoninstrument.com\/fr\/produit\/markus\/#primaryimage","url":"https:\/\/radoninstrument.com\/fr\/wp-content\/uploads\/sites\/3\/2020\/07\/Markus-4-scaled.jpg","contentUrl":"https:\/\/radoninstrument.com\/fr\/wp-content\/uploads\/sites\/3\/2020\/07\/Markus-4-scaled.jpg","width":2560,"height":1707},{"@type":"BreadcrumbList","@id":"https:\/\/radoninstrument.com\/fr\/produit\/markus\/#breadcrumb","itemListElement":[{"@type":"ListItem","position":1,"name":"Hem","item":"https:\/\/radoninstrument.com\/fr\/"},{"@type":"ListItem","position":2,"name":"Boutique","item":"https:\/\/radoninstrument.com\/fr\/boutique\/"},{"@type":"ListItem","position":3,"name":"MARKUS"}]},{"@type":"WebSite","@id":"https:\/\/radoninstrument.com\/fr\/#website","url":"https:\/\/radoninstrument.com\/fr\/","name":"Radoninstruments.com (FR)","description":"","publisher":{"@id":"https:\/\/radoninstrument.com\/fr\/#organization"},"potentialAction":[{"@type":"SearchAction","target":{"@type":"EntryPoint","urlTemplate":"https:\/\/radoninstrument.com\/fr\/?s={search_term_string}"},"query-input":{"@type":"PropertyValueSpecification","valueRequired":true,"valueName":"search_term_string"}}],"inLanguage":"fr-FR"},{"@type":"Organization","@id":"https:\/\/radoninstrument.com\/fr\/#organization","name":"Radoninstruments.com (FR)","url":"https:\/\/radoninstrument.com\/fr\/","logo":{"@type":"ImageObject","inLanguage":"fr-FR","@id":"https:\/\/radoninstrument.com\/fr\/#\/schema\/logo\/image\/","url":"https:\/\/radoninstrument.com\/fr\/wp-content\/uploads\/sites\/3\/2020\/07\/radonova.png","contentUrl":"https:\/\/radoninstrument.com\/fr\/wp-content\/uploads\/sites\/3\/2020\/07\/radonova.png","width":300,"height":100,"caption":"Radoninstruments.com (FR)"},"image":{"@id":"https:\/\/radoninstrument.com\/fr\/#\/schema\/logo\/image\/"}}]}},"_links":{"self":[{"href":"https:\/\/radoninstrument.com\/fr\/wp-json\/wp\/v2\/product\/223"}],"collection":[{"href":"https:\/\/radoninstrument.com\/fr\/wp-json\/wp\/v2\/product"}],"about":[{"href":"https:\/\/radoninstrument.com\/fr\/wp-json\/wp\/v2\/types\/product"}],"replies":[{"embeddable":true,"href":"https:\/\/radoninstrument.com\/fr\/wp-json\/wp\/v2\/comments?post=223"}],"wp:featuredmedia":[{"embeddable":true,"href":"https:\/\/radoninstrument.com\/fr\/wp-json\/wp\/v2\/media\/33"}],"wp:attachment":[{"href":"https:\/\/radoninstrument.com\/fr\/wp-json\/wp\/v2\/media?parent=223"}],"wp:term":[{"taxonomy":"product_cat","embeddable":true,"href":"https:\/\/radoninstrument.com\/fr\/wp-json\/wp\/v2\/product_cat?post=223"},{"taxonomy":"product_tag","embeddable":true,"href":"https:\/\/radoninstrument.com\/fr\/wp-json\/wp\/v2\/product_tag?post=223"}],"curies":[{"name":"wp","href":"https:\/\/api.w.org\/{rel}","templated":true}]}}