{"id":256,"date":"2020-07-10T13:21:28","date_gmt":"2020-07-10T11:21:28","guid":{"rendered":"https:\/\/radoninstrument.com\/fr\/?page_id=256"},"modified":"2024-02-16T16:03:49","modified_gmt":"2024-02-16T14:03:49","slug":"guide-de-mesure-du-radon-pour-les-professionnels","status":"publish","type":"page","link":"https:\/\/radoninstrument.com\/fr\/guide-de-mesure-du-radon-pour-les-professionnels\/","title":{"rendered":"Guide de mesure du radon pour les professionnels"},"content":{"rendered":"<p>\n<style type=\"text\/css\" data-created_by=\"avia_inline_auto\" id=\"style-css-av-2xh5q8-a0b1de24e9fea0df3f9732462321769c\">\n.flex_column.av-2xh5q8-a0b1de24e9fea0df3f9732462321769c{\nborder-radius:0px 0px 0px 0px;\n-webkit-border-radius:0px 0px 0px 0px;\n-moz-border-radius:0px 0px 0px 0px;\n}\n<\/style>\n<div class='flex_column av-2xh5q8-a0b1de24e9fea0df3f9732462321769c av_one_full  avia-builder-el-0  el_before_av_textblock  avia-builder-el-first  first flex_column_div av-zero-column-padding '   ><\/div> <section  class='av_textblock_section av-kcg4o94s-a2a7ac998ee36e60ab31f84188d73cd8'  itemscope=\"itemscope\" itemtype=\"https:\/\/schema.org\/CreativeWork\" ><div class='avia_textblock'  itemprop=\"text\" ><\/div><\/section><\/p>\n<h1>Le guide pour faire le bon choix<\/h1>\n<p>Ce guide d\u00e9crit les \u00e9l\u00e9ments \u00e0 prendre en compte pour vous accompagner dans \u00f6e d\u00e9veloppement de votre activit\u00e9 et votre projet de mesure et donc du choix de l&rsquo;instrument le plus ad\u00e9quat. Ce guide s&rsquo;adresse avant tout aux professionnels de la mesure du radon et aux autorit\u00e9s comp\u00e9tentes en mati\u00e8re de radon. Pour vos projets de mesure domestiques, nous recommandons la <a href=\"https:\/\/radoninstrument.com\/fr\/guide-de-mesure-radon-dans-les-logements\/\">lecture de la page concern\u00e9e<\/a>. Il existe aujourd&rsquo;hui un large \u00e9ventail d&rsquo;instruments de mesure du radon \u00e0 port\u00e9e de clic disponibles sur internet et il est parfois difficile de s&rsquo;y retrouver tant les diff\u00e9rences tarifaires, mais \u00e9galement techniques sont importantes. En plus des instruments d\u00e9velopp\u00e9s et fabriqu\u00e9s dans nos ateliers \u00e0 Uppsala en Su\u00e8de et pl\u00e9biscit\u00e9s par de nombreux experts et professionnels du radon, nous avons s\u00e9lectionn\u00e9 pour vous quelques-uns des instruments parmi les plus efficaces du march\u00e9, aupr\u00e8s de fabriquants reconnus par la profession. Afin de vous permettre d&rsquo;y voir plus clair et de vous guider dans le d\u00e9veloppement de votre activit\u00e9, Radonova vous propose une revue d&rsquo;ensemble des diff\u00e9rents points techniques \u00e0 consid\u00e9rer avant de porter votre choix sur tel ou tel instrument. Rappelez vous qu&rsquo;en fonction de votre besoin, il n&rsquo;est pas toujours n\u00e9cessaire d&rsquo;opter pour un instrument cher et qu&rsquo;\u00e0 l&rsquo;inverse, certaines applications n\u00e9cessiteront de vous \u00e9quiper en cons\u00e9quence.<\/p>\n<h2>Des diff\u00e9rences majeures dans les principes de fonctionnement<\/h2>\n<p>Tous les instruments de mesure du radon en continu fonctionnent au moyen d&rsquo;une chambre int\u00e9gr\u00e9e \u00e0 l&rsquo;instrument permettant de recueillir un \u00e9chantillonnage de l&rsquo;air environnant. Les grandes diff\u00e9rences caract\u00e9risant ces instruments sont principalement li\u00e9es : au mode d&rsquo;\u00e9chantillonnage de l&rsquo;air, au volume de la chambre de mesure et \u00e0 la technologie de d\u00e9tection du radon.<\/p>\n<h4>Le mode d\u00e9chantillonnage de l&rsquo;air :<\/h4>\n<p>Il existe deux m\u00e9thodes distinctes :<\/p>\n<ul>\n<li>Le mode d\u00e9chantillonnage d&rsquo;air <strong>par diffusion<\/strong> (famille des <a href=\"https:\/\/radoninstrument.com\/fr\/types-of-instruments\/\">enregistreurs<\/a>) que l&rsquo;on retrouve g\u00e9n\u00e9ralement dans les instruments les moins chers disponibles sur le march\u00e9. Dans ces instruments, l&rsquo;air p\u00e9n\u00e8tre dans la chambre sans qu&rsquo;il y soit contraint ni pomp\u00e9. De ce fait, la chambre de mesure a besoin d&rsquo;environ 1h \u00e0 2h avant de pouvroir d\u00e9livrer une mesure pr\u00e9cise des taux de radon environnants. Cette m\u00e9thode d&rsquo;\u00e9chantillonnage pr\u00e9sente l&rsquo;avantage de permettre \u00e0 ces instruments d&rsquo;\u00eatre discrets, totalement silencieux et de pouvoir pour certains d&rsquo;entre eux fonctionner sur batteries sur le long terme. Elle est particuli\u00e8rement efficace lorsqu&rsquo;il s&rsquo;agit visualiser les variations de niveaux de radon sur une semaine en vue de d\u00e9finir un protocole de rem\u00e9diation.<\/li>\n<li>Le mode d&rsquo;\u00e9chantillonnage d&rsquo;air<strong> par pompage<\/strong> (famille des<a href=\"https:\/\/radoninstrument.com\/fr\/types-of-instruments\/\"> renifleurs<\/a>) via une pompe directement int\u00e9gr\u00e9e dans l&rsquo;instrument permet quant \u00e0 lui un \u00e9chantillonnage pr\u00e9cis, et beaucoup plus rapide. Une sorte de photographie de la situation \u00e0 un instant T. Ce mode d\u00e9chantillonnage \u00e9quipe la plupart des mod\u00e8les hauts de gamme et permet d&rsquo;obtenir une excellente r\u00e9solution temporelle. Avec ATMOS, il est par exemple possible d&rsquo;obtenir des valeurs fiables \u00e0 90% en seulement 10min apr\u00e8s la mise en marche de l&rsquo;instrument. Lorsqu&rsquo;il s&rsquo;agit de rep\u00e9rer les fuites de radon dans un b\u00e2timent, c&rsquo;est la m\u00e9thode \u00e0 privil\u00e9gier.<\/li>\n<\/ul>\n<h4>Le volume de la chambre de mesure<\/h4>\n<p>Plus la chambre de mesure sera volumineuse, plus l&rsquo;\u00e9chantillonnage d&rsquo;air sera important et repr\u00e9sentatif de l&rsquo;air environnant. et plus la mesure sera pr\u00e9cise. \u00c0 l&rsquo;inverse, plus un instrument dispose d&rsquo;une chambre de faible volume, plus la mesure n\u00e9cessitera de temps avant de fournir des r\u00e9sultats pr\u00e9cis. Une chambre de mesure disposant d&rsquo;un large volume comme c&rsquo;est le cas pour ATMOS par exemple, permettra une r\u00e9solution temporelle beaucoup plus courte et pr\u00e9cise.<\/p>\n<h4>La technologie de mesure<\/h4>\n<ul>\n<li>Les instruments fonctionnant sur le principe d&rsquo;une <strong>chambre \u00e0 ions puls\u00e9s<\/strong> comme ATMOS pr\u00e9sente l&rsquo;avantage de mesurer directement l&rsquo;\u00e9nergie alpha \u00e9mise par le radon. Ces instruments pr\u00e9sentent ainsi l&rsquo;avantage de pouvoir d\u00e9tecter directement l&rsquo;activit\u00e9 radioactive de la chambre et ainsi de d\u00e9livrer avec une bonne r\u00e9solution les niveaux de radon.<\/li>\n<li>Les instruments fonctionnants sur le principe d&rsquo;une <strong>chambre avec un d\u00e9tecteur \u00e0 semi conducteurs<\/strong> mesurent quant \u00e0 eux l&rsquo;accumulation des descendants du radon qui viennent se fixer sur le d\u00e9tecteurs par le bias d&rsquo;un champ \u00e9lectrique. L&rsquo;avantage de cette technologie outre son co\u00fbt plus contenu est qu&rsquo;elle permet de distinguer tr\u00e8s pr\u00e9cis\u00e9ment l&rsquo;ensemble des descendant du radon.<\/li>\n<li>Les instruments disposant d&rsquo;une technologie de d\u00e9tection par <strong>spectrom\u00e9trie alpha<\/strong> pr\u00e9sentent l&rsquo;avantage de distinguer la puissance des rayonnements alpha \u00e9mis \u00e0 l&rsquo;occasion des d\u00e9sint\u00e9grations radioactives des diff\u00e9rentes particules observ\u00e9es dans la chambre de mesure. Le rayonnement alpha \u00e9mis par le radon pr\u00e9sente ainsi une puissance en \u00e9lectronvolt sp\u00e9cifique qu&rsquo;une spectrom\u00e9trie alpha permet de distinguer. De ce fait, la d\u00e9tection du radon devient plus rapide. En effet, les instruments ne disposant pas de cette technologie doivent observer un temps suppl\u00e9mentaire afin qu&rsquo;un \u00e9quilibre soit atteint dans la chambre de mesure permettant de d\u00e9duire les niveaux de radon en pr\u00e9sence.<\/li>\n<\/ul>\n<p>Ainsi, un instrument fonctionnant par pompage, sur le principe d&rsquo;une vaste chambre \u00e0 ion puls\u00e9s et d&rsquo;une lecture des rayonnements \u00e9mis par spectrom\u00e9trie alpha comme c&rsquo;est le cas pour l&rsquo;ATMOS sera capable de d\u00e9livrer des r\u00e9sultats extr\u00eamement fiables sur un laps de temps le plus r\u00e9duit. C&rsquo;est \u00e0 jour la m\u00e9thode de mesurage la plus aboutie du march\u00e9.\u00a0<\/p>\n<h4>L&rsquo;exp\u00e9rience utilisateur, un \u00e9l\u00e9ment important pour garantir l&rsquo;efficacit\u00e9 de vos interventions<\/h4>\n<p>Certains instruments pr\u00e9sentent des carat\u00e9riques techniques parfois tr\u00e8s similaires. Il faudra alors comparer et choisir l&rsquo;instrument qui pr\u00e9sentera une exp\u00e9rience utilisateur compatible avec vos besoins. C&rsquo;est un cri\u00e8re presque aussi important que les caract\u00e9ristiques techniques. Gardez \u00e0 l&rsquo;esprit qu&rsquo;une exp\u00e9rience utilisateur r\u00e9ussie est autant un gage d&rsquo;efficacit\u00e9 que les qualit\u00e9s techniques d&rsquo;un instruments. L&rsquo;id\u00e9al \u00e9tant bien s\u00fbr de pouvoir combiner les deux. Ainsi, la pr\u00e9sence d&rsquo;un \u00e9cran pourra par exemple \u00eatre ou ne pas \u00eatre souaitable lorsque l&rsquo;instrument doit \u00eatre laiss\u00e9 plusieurs jours sur un lieu de travail car l&rsquo;instrument deviendra alors au mieux une source de curiosit\u00e9 et un outil p\u00e9dagogique, au pire une source de stress et d&rsquo;inqui\u00e9tude pour vos clients. L&rsquo;interface logicielle jouera \u00e9galement un r\u00f4le majeur dans votre choix. En effet, la possibilit\u00e9 de transf\u00e9rer rapidement des donn\u00e9es de mesure, d&rsquo;\u00e9diter des rapports \u00e0 partir d&rsquo;une s\u00e9lection de points de mesures, tout cela en quelques clics, vous permettra de gagner du temps et de vous concentrer sur l&rsquo;essentiel. Le type d&rsquo;alimentation et les capacit\u00e9s d&rsquo;autonomie de m\u00eame que le nombre d&rsquo;accessoires suppl\u00e9mentaires parfois n\u00e9cessaires pour faire fonctionner un instrument selon telle ou telle configuration peuvent constituer un obstacle pour une utilisation fluide et efficace.<\/p>\n<h4>L&rsquo;\u00e9talonnage, la garantie d&rsquo;un instrument de qualit\u00e9<\/h4>\n<p>L&rsquo;\u00e9talonnage d&rsquo;un instrument constitue une \u00e9tape incontournable et cyclique dans la vie d&rsquo;un instrument de mesure du radon. Notamment dans le cadre d&rsquo;un usage professionnel. L&rsquo;\u00e9talonnage consiste \u00e0 v\u00e9rifier p\u00e9riodiquement et si besoin ajuster les param\u00e8tres de l&rsquo;instruments pour que ce dernier soit en mesure de d\u00e9livrer des r\u00e9sultats fiables. Raison pour laquelle, il est important de s&rsquo;assurer que l&rsquo;instrument que vous utilisez soit \u00e9t\u00e9 r\u00e9guli\u00e8rement \u00e9talonn\u00e9. Tous les instruments que nous produisons sont rigoureusement contr\u00f4l\u00e9s sur ce point et vous sont livr\u00e9s avec un certifcat d&rsquo;\u00e9talonnage vous permettant de garantir \u00e0 vos clients votre s\u00e9rieux en la mati\u00e8re. Malheureusement, l&rsquo;\u00e9talonnage reste une \u00e9tape encore trop souvent d\u00e9consid\u00e9r\u00e9e \u00e0 la fois par les producteurs et revendeurs d&rsquo;instruments que par leurs utilisateurs. Raison pour laquelle nous proposons pour tous les instruments que nous produisons des contrats d&rsquo;entretien vous permettant de disposer en tout temps et entre autres d&rsquo;un \u00e9quipement bien \u00e9talonn\u00e9. Radonova recommande en fonction de l&rsquo;usage de vos instruments de proc\u00e9der \u00e0 leur \u00e9talonnage tous les ans ou tous les deux ans. Attention, certains instruments ne sont pas con\u00e7us pour \u00eatre \u00e9talonn\u00e9s. Il devient alors pr\u00e9f\u00e9rable de les renouveller plut\u00f4t que continuer \u00e0 les utiliser co\u00fbte que co\u00fbte.<\/p>","protected":false},"excerpt":{"rendered":"","protected":false},"author":1,"featured_media":0,"parent":0,"menu_order":0,"comment_status":"closed","ping_status":"closed","template":"","meta":{"footnotes":""},"class_list":["post-256","page","type-page","status-publish","hentry"],"yoast_head":"<!-- This site is optimized with the Yoast SEO plugin v23.6 - https:\/\/yoast.com\/wordpress\/plugins\/seo\/ -->\n<title>Guide de mesure du radon pour les professionnels - Radoninstruments.com (FR)<\/title>\n<meta name=\"robots\" content=\"index, follow, max-snippet:-1, max-image-preview:large, max-video-preview:-1\" \/>\n<link rel=\"canonical\" href=\"https:\/\/radoninstrument.com\/fr\/guide-de-mesure-du-radon-pour-les-professionnels\/\" \/>\n<meta property=\"og:locale\" content=\"fr_FR\" \/>\n<meta property=\"og:type\" content=\"article\" \/>\n<meta property=\"og:title\" content=\"Guide de mesure du radon pour les professionnels - Radoninstruments.com (FR)\" \/>\n<meta property=\"og:url\" content=\"https:\/\/radoninstrument.com\/fr\/guide-de-mesure-du-radon-pour-les-professionnels\/\" \/>\n<meta property=\"og:site_name\" content=\"Radoninstruments.com (FR)\" \/>\n<meta property=\"article:modified_time\" content=\"2024-02-16T14:03:49+00:00\" \/>\n<meta name=\"twitter:card\" content=\"summary_large_image\" \/>\n<meta name=\"twitter:label1\" content=\"Dur\u00e9e de lecture estim\u00e9e\" \/>\n\t<meta name=\"twitter:data1\" content=\"7 minutes\" \/>\n<script type=\"application\/ld+json\" class=\"yoast-schema-graph\">{\"@context\":\"https:\/\/schema.org\",\"@graph\":[{\"@type\":\"WebPage\",\"@id\":\"https:\/\/radoninstrument.com\/fr\/guide-de-mesure-du-radon-pour-les-professionnels\/\",\"url\":\"https:\/\/radoninstrument.com\/fr\/guide-de-mesure-du-radon-pour-les-professionnels\/\",\"name\":\"Guide de mesure du radon pour les professionnels - Radoninstruments.com (FR)\",\"isPartOf\":{\"@id\":\"https:\/\/radoninstrument.com\/fr\/#website\"},\"datePublished\":\"2020-07-10T11:21:28+00:00\",\"dateModified\":\"2024-02-16T14:03:49+00:00\",\"breadcrumb\":{\"@id\":\"https:\/\/radoninstrument.com\/fr\/guide-de-mesure-du-radon-pour-les-professionnels\/#breadcrumb\"},\"inLanguage\":\"fr-FR\",\"potentialAction\":[{\"@type\":\"ReadAction\",\"target\":[\"https:\/\/radoninstrument.com\/fr\/guide-de-mesure-du-radon-pour-les-professionnels\/\"]}]},{\"@type\":\"BreadcrumbList\",\"@id\":\"https:\/\/radoninstrument.com\/fr\/guide-de-mesure-du-radon-pour-les-professionnels\/#breadcrumb\",\"itemListElement\":[{\"@type\":\"ListItem\",\"position\":1,\"name\":\"Hem\",\"item\":\"https:\/\/radoninstrument.com\/fr\/\"},{\"@type\":\"ListItem\",\"position\":2,\"name\":\"Guide de mesure du radon pour les professionnels\"}]},{\"@type\":\"WebSite\",\"@id\":\"https:\/\/radoninstrument.com\/fr\/#website\",\"url\":\"https:\/\/radoninstrument.com\/fr\/\",\"name\":\"Radoninstruments.com (FR)\",\"description\":\"\",\"publisher\":{\"@id\":\"https:\/\/radoninstrument.com\/fr\/#organization\"},\"potentialAction\":[{\"@type\":\"SearchAction\",\"target\":{\"@type\":\"EntryPoint\",\"urlTemplate\":\"https:\/\/radoninstrument.com\/fr\/?s={search_term_string}\"},\"query-input\":{\"@type\":\"PropertyValueSpecification\",\"valueRequired\":true,\"valueName\":\"search_term_string\"}}],\"inLanguage\":\"fr-FR\"},{\"@type\":\"Organization\",\"@id\":\"https:\/\/radoninstrument.com\/fr\/#organization\",\"name\":\"Radoninstruments.com (FR)\",\"url\":\"https:\/\/radoninstrument.com\/fr\/\",\"logo\":{\"@type\":\"ImageObject\",\"inLanguage\":\"fr-FR\",\"@id\":\"https:\/\/radoninstrument.com\/fr\/#\/schema\/logo\/image\/\",\"url\":\"https:\/\/radoninstrument.com\/fr\/wp-content\/uploads\/sites\/3\/2020\/07\/radonova.png\",\"contentUrl\":\"https:\/\/radoninstrument.com\/fr\/wp-content\/uploads\/sites\/3\/2020\/07\/radonova.png\",\"width\":300,\"height\":100,\"caption\":\"Radoninstruments.com (FR)\"},\"image\":{\"@id\":\"https:\/\/radoninstrument.com\/fr\/#\/schema\/logo\/image\/\"}}]}<\/script>\n<!-- \/ Yoast SEO plugin. -->","yoast_head_json":{"title":"Guide de mesure du radon pour les professionnels - Radoninstruments.com (FR)","robots":{"index":"index","follow":"follow","max-snippet":"max-snippet:-1","max-image-preview":"max-image-preview:large","max-video-preview":"max-video-preview:-1"},"canonical":"https:\/\/radoninstrument.com\/fr\/guide-de-mesure-du-radon-pour-les-professionnels\/","og_locale":"fr_FR","og_type":"article","og_title":"Guide de mesure du radon pour les professionnels - Radoninstruments.com (FR)","og_url":"https:\/\/radoninstrument.com\/fr\/guide-de-mesure-du-radon-pour-les-professionnels\/","og_site_name":"Radoninstruments.com (FR)","article_modified_time":"2024-02-16T14:03:49+00:00","twitter_card":"summary_large_image","twitter_misc":{"Dur\u00e9e de lecture estim\u00e9e":"7 minutes"},"schema":{"@context":"https:\/\/schema.org","@graph":[{"@type":"WebPage","@id":"https:\/\/radoninstrument.com\/fr\/guide-de-mesure-du-radon-pour-les-professionnels\/","url":"https:\/\/radoninstrument.com\/fr\/guide-de-mesure-du-radon-pour-les-professionnels\/","name":"Guide de mesure du radon pour les professionnels - Radoninstruments.com (FR)","isPartOf":{"@id":"https:\/\/radoninstrument.com\/fr\/#website"},"datePublished":"2020-07-10T11:21:28+00:00","dateModified":"2024-02-16T14:03:49+00:00","breadcrumb":{"@id":"https:\/\/radoninstrument.com\/fr\/guide-de-mesure-du-radon-pour-les-professionnels\/#breadcrumb"},"inLanguage":"fr-FR","potentialAction":[{"@type":"ReadAction","target":["https:\/\/radoninstrument.com\/fr\/guide-de-mesure-du-radon-pour-les-professionnels\/"]}]},{"@type":"BreadcrumbList","@id":"https:\/\/radoninstrument.com\/fr\/guide-de-mesure-du-radon-pour-les-professionnels\/#breadcrumb","itemListElement":[{"@type":"ListItem","position":1,"name":"Hem","item":"https:\/\/radoninstrument.com\/fr\/"},{"@type":"ListItem","position":2,"name":"Guide de mesure du radon pour les professionnels"}]},{"@type":"WebSite","@id":"https:\/\/radoninstrument.com\/fr\/#website","url":"https:\/\/radoninstrument.com\/fr\/","name":"Radoninstruments.com (FR)","description":"","publisher":{"@id":"https:\/\/radoninstrument.com\/fr\/#organization"},"potentialAction":[{"@type":"SearchAction","target":{"@type":"EntryPoint","urlTemplate":"https:\/\/radoninstrument.com\/fr\/?s={search_term_string}"},"query-input":{"@type":"PropertyValueSpecification","valueRequired":true,"valueName":"search_term_string"}}],"inLanguage":"fr-FR"},{"@type":"Organization","@id":"https:\/\/radoninstrument.com\/fr\/#organization","name":"Radoninstruments.com (FR)","url":"https:\/\/radoninstrument.com\/fr\/","logo":{"@type":"ImageObject","inLanguage":"fr-FR","@id":"https:\/\/radoninstrument.com\/fr\/#\/schema\/logo\/image\/","url":"https:\/\/radoninstrument.com\/fr\/wp-content\/uploads\/sites\/3\/2020\/07\/radonova.png","contentUrl":"https:\/\/radoninstrument.com\/fr\/wp-content\/uploads\/sites\/3\/2020\/07\/radonova.png","width":300,"height":100,"caption":"Radoninstruments.com (FR)"},"image":{"@id":"https:\/\/radoninstrument.com\/fr\/#\/schema\/logo\/image\/"}}]}},"_links":{"self":[{"href":"https:\/\/radoninstrument.com\/fr\/wp-json\/wp\/v2\/pages\/256"}],"collection":[{"href":"https:\/\/radoninstrument.com\/fr\/wp-json\/wp\/v2\/pages"}],"about":[{"href":"https:\/\/radoninstrument.com\/fr\/wp-json\/wp\/v2\/types\/page"}],"author":[{"embeddable":true,"href":"https:\/\/radoninstrument.com\/fr\/wp-json\/wp\/v2\/users\/1"}],"replies":[{"embeddable":true,"href":"https:\/\/radoninstrument.com\/fr\/wp-json\/wp\/v2\/comments?post=256"}],"version-history":[{"count":22,"href":"https:\/\/radoninstrument.com\/fr\/wp-json\/wp\/v2\/pages\/256\/revisions"}],"predecessor-version":[{"id":915,"href":"https:\/\/radoninstrument.com\/fr\/wp-json\/wp\/v2\/pages\/256\/revisions\/915"}],"wp:attachment":[{"href":"https:\/\/radoninstrument.com\/fr\/wp-json\/wp\/v2\/media?parent=256"}],"curies":[{"name":"wp","href":"https:\/\/api.w.org\/{rel}","templated":true}]}}